{"id":101,"date":"2024-01-16T12:14:49","date_gmt":"2024-01-16T17:14:49","guid":{"rendered":"https:\/\/perudental.com\/en\/?page_id=101"},"modified":"2024-11-12T07:13:05","modified_gmt":"2024-11-12T12:13:05","slug":"frequently-asked-questions","status":"publish","type":"page","link":"https:\/\/perudental.com\/en\/our-offices\/frequently-asked-questions\/","title":{"rendered":"Frequently Asked Questions"},"content":{"rendered":"","protected":false},"excerpt":{"rendered":"","protected":false},"author":1,"featured_media":0,"parent":90,"menu_order":2,"comment_status":"closed","ping_status":"closed","template":"tmp_preguntas_frecuentes.php","meta":{"footnotes":""},"class_list":["post-101","page","type-page","status-publish","hentry"],"yoast_head":"<!-- This site is optimized with the Yoast SEO plugin v23.6 - https:\/\/yoast.com\/wordpress\/plugins\/seo\/ -->\n<title>Frequently Asked Questions | Perudental<\/title>\n<meta name=\"description\" content=\"Find answers to common dental questions at Perudental. Our FAQs cover treatments, procedures, and care to help you make informed decisions.\" \/>\n<meta name=\"robots\" content=\"index, follow, max-snippet:-1, max-image-preview:large, max-video-preview:-1\" \/>\n<link rel=\"canonical\" href=\"https:\/\/perudental.com\/en\/our-offices\/frequently-asked-questions\/\" \/>\n<meta property=\"og:locale\" content=\"es_ES\" \/>\n<meta property=\"og:type\" content=\"article\" \/>\n<meta property=\"og:title\" content=\"Frequently Asked Questions | Perudental\" \/>\n<meta property=\"og:description\" content=\"Find answers to common dental questions at Perudental. Our FAQs cover treatments, procedures, and care to help you make informed decisions.\" \/>\n<meta property=\"og:url\" content=\"https:\/\/perudental.com\/en\/our-offices\/frequently-asked-questions\/\" \/>\n<meta property=\"og:site_name\" content=\"PeruDental nueva version\" \/>\n<meta property=\"article:modified_time\" content=\"2024-11-12T12:13:05+00:00\" \/>\n<meta name=\"twitter:card\" content=\"summary_large_image\" \/>\n<script type=\"application\/ld+json\" class=\"yoast-schema-graph\">{\"@context\":\"https:\/\/schema.org\",\"@graph\":[{\"@type\":\"WebPage\",\"@id\":\"https:\/\/perudental.com\/en\/our-offices\/frequently-asked-questions\/\",\"url\":\"https:\/\/perudental.com\/en\/our-offices\/frequently-asked-questions\/\",\"name\":\"Frequently Asked Questions | Perudental\",\"isPartOf\":{\"@id\":\"https:\/\/perudental.com\/en\/#website\"},\"datePublished\":\"2024-01-16T17:14:49+00:00\",\"dateModified\":\"2024-11-12T12:13:05+00:00\",\"description\":\"Find answers to common dental questions at Perudental. Our FAQs cover treatments, procedures, and care to help you make informed decisions.\",\"breadcrumb\":{\"@id\":\"https:\/\/perudental.com\/en\/our-offices\/frequently-asked-questions\/#breadcrumb\"},\"inLanguage\":\"es-PE\",\"potentialAction\":[{\"@type\":\"ReadAction\",\"target\":[\"https:\/\/perudental.com\/en\/our-offices\/frequently-asked-questions\/\"]}]},{\"@type\":\"BreadcrumbList\",\"@id\":\"https:\/\/perudental.com\/en\/our-offices\/frequently-asked-questions\/#breadcrumb\",\"itemListElement\":[{\"@type\":\"ListItem\",\"position\":1,\"name\":\"Our Offices\",\"item\":\"https:\/\/perudental.com\/en\/our-offices\/\"},{\"@type\":\"ListItem\",\"position\":2,\"name\":\"Frequently Asked Questions\"}]},{\"@type\":\"WebSite\",\"@id\":\"https:\/\/perudental.com\/en\/#website\",\"url\":\"https:\/\/perudental.com\/en\/\",\"name\":\"PeruDental nueva version\",\"description\":\"Especialistas en dise\u00f1o de Sonrisas con la tecnolog\u00eda m\u00e1s avanzada\",\"potentialAction\":[{\"@type\":\"SearchAction\",\"target\":{\"@type\":\"EntryPoint\",\"urlTemplate\":\"https:\/\/perudental.com\/en\/?s={search_term_string}\"},\"query-input\":{\"@type\":\"PropertyValueSpecification\",\"valueRequired\":true,\"valueName\":\"search_term_string\"}}],\"inLanguage\":\"es-PE\"}]}<\/script>\n<!-- \/ Yoast SEO plugin. -->","yoast_head_json":{"title":"Frequently Asked Questions | Perudental","description":"Find answers to common dental questions at Perudental. Our FAQs cover treatments, procedures, and care to help you make informed decisions.","robots":{"index":"index","follow":"follow","max-snippet":"max-snippet:-1","max-image-preview":"max-image-preview:large","max-video-preview":"max-video-preview:-1"},"canonical":"https:\/\/perudental.com\/en\/our-offices\/frequently-asked-questions\/","og_locale":"es_ES","og_type":"article","og_title":"Frequently Asked Questions | Perudental","og_description":"Find answers to common dental questions at Perudental. Our FAQs cover treatments, procedures, and care to help you make informed decisions.","og_url":"https:\/\/perudental.com\/en\/our-offices\/frequently-asked-questions\/","og_site_name":"PeruDental nueva version","article_modified_time":"2024-11-12T12:13:05+00:00","twitter_card":"summary_large_image","schema":{"@context":"https:\/\/schema.org","@graph":[{"@type":"WebPage","@id":"https:\/\/perudental.com\/en\/our-offices\/frequently-asked-questions\/","url":"https:\/\/perudental.com\/en\/our-offices\/frequently-asked-questions\/","name":"Frequently Asked Questions | Perudental","isPartOf":{"@id":"https:\/\/perudental.com\/en\/#website"},"datePublished":"2024-01-16T17:14:49+00:00","dateModified":"2024-11-12T12:13:05+00:00","description":"Find answers to common dental questions at Perudental. Our FAQs cover treatments, procedures, and care to help you make informed decisions.","breadcrumb":{"@id":"https:\/\/perudental.com\/en\/our-offices\/frequently-asked-questions\/#breadcrumb"},"inLanguage":"es-PE","potentialAction":[{"@type":"ReadAction","target":["https:\/\/perudental.com\/en\/our-offices\/frequently-asked-questions\/"]}]},{"@type":"BreadcrumbList","@id":"https:\/\/perudental.com\/en\/our-offices\/frequently-asked-questions\/#breadcrumb","itemListElement":[{"@type":"ListItem","position":1,"name":"Our Offices","item":"https:\/\/perudental.com\/en\/our-offices\/"},{"@type":"ListItem","position":2,"name":"Frequently Asked Questions"}]},{"@type":"WebSite","@id":"https:\/\/perudental.com\/en\/#website","url":"https:\/\/perudental.com\/en\/","name":"PeruDental nueva version","description":"Especialistas en dise\u00f1o de Sonrisas con la tecnolog\u00eda m\u00e1s avanzada","potentialAction":[{"@type":"SearchAction","target":{"@type":"EntryPoint","urlTemplate":"https:\/\/perudental.com\/en\/?s={search_term_string}"},"query-input":{"@type":"PropertyValueSpecification","valueRequired":true,"valueName":"search_term_string"}}],"inLanguage":"es-PE"}]}},"_links":{"self":[{"href":"https:\/\/perudental.com\/en\/wp-json\/wp\/v2\/pages\/101","targetHints":{"allow":["GET"]}}],"collection":[{"href":"https:\/\/perudental.com\/en\/wp-json\/wp\/v2\/pages"}],"about":[{"href":"https:\/\/perudental.com\/en\/wp-json\/wp\/v2\/types\/page"}],"author":[{"embeddable":true,"href":"https:\/\/perudental.com\/en\/wp-json\/wp\/v2\/users\/1"}],"replies":[{"embeddable":true,"href":"https:\/\/perudental.com\/en\/wp-json\/wp\/v2\/comments?post=101"}],"version-history":[{"count":3,"href":"https:\/\/perudental.com\/en\/wp-json\/wp\/v2\/pages\/101\/revisions"}],"predecessor-version":[{"id":614,"href":"https:\/\/perudental.com\/en\/wp-json\/wp\/v2\/pages\/101\/revisions\/614"}],"up":[{"embeddable":true,"href":"https:\/\/perudental.com\/en\/wp-json\/wp\/v2\/pages\/90"}],"wp:attachment":[{"href":"https:\/\/perudental.com\/en\/wp-json\/wp\/v2\/media?parent=101"}],"curies":[{"name":"wp","href":"https:\/\/api.w.org\/{rel}","templated":true}]}}