{"id":106,"date":"2024-01-16T13:50:47","date_gmt":"2024-01-16T18:50:47","guid":{"rendered":"https:\/\/perudental.com\/en\/?page_id=106"},"modified":"2025-10-13T11:08:13","modified_gmt":"2025-10-13T16:08:13","slug":"contact","status":"publish","type":"page","link":"https:\/\/perudental.com\/en\/contact\/","title":{"rendered":"Contact"},"content":{"rendered":"","protected":false},"excerpt":{"rendered":"","protected":false},"author":1,"featured_media":0,"parent":0,"menu_order":3,"comment_status":"closed","ping_status":"closed","template":"tmp_contacto.php","meta":{"footnotes":""},"class_list":["post-106","page","type-page","status-publish","hentry"],"yoast_head":"<!-- This site is optimized with the Yoast SEO plugin v23.6 - https:\/\/yoast.com\/wordpress\/plugins\/seo\/ -->\n<title>Get in Touch | Contact Us - Per\u00fa Dental<\/title>\n<meta name=\"description\" content=\"Contact us for treatment details and information about your initial visit. Jir\u00f3n Monterrey 355, Santiago Surco. Telf. (01) 202 - 2222\" \/>\n<meta name=\"robots\" content=\"index, follow, max-snippet:-1, max-image-preview:large, max-video-preview:-1\" \/>\n<link rel=\"canonical\" href=\"https:\/\/perudental.com\/en\/contact\/\" \/>\n<meta property=\"og:locale\" content=\"es_ES\" \/>\n<meta property=\"og:type\" content=\"article\" \/>\n<meta property=\"og:title\" content=\"Get in Touch | Contact Us - Per\u00fa Dental\" \/>\n<meta property=\"og:description\" content=\"Contact us for treatment details and information about your initial visit. Jir\u00f3n Monterrey 355, Santiago Surco. Telf. (01) 202 - 2222\" \/>\n<meta property=\"og:url\" content=\"https:\/\/perudental.com\/en\/contact\/\" \/>\n<meta property=\"og:site_name\" content=\"PeruDental nueva version\" \/>\n<meta property=\"article:modified_time\" content=\"2025-10-13T16:08:13+00:00\" \/>\n<meta name=\"twitter:card\" content=\"summary_large_image\" \/>\n<script type=\"application\/ld+json\" class=\"yoast-schema-graph\">{\"@context\":\"https:\/\/schema.org\",\"@graph\":[{\"@type\":\"WebPage\",\"@id\":\"https:\/\/perudental.com\/en\/contact\/\",\"url\":\"https:\/\/perudental.com\/en\/contact\/\",\"name\":\"Get in Touch | Contact Us - Per\u00fa Dental\",\"isPartOf\":{\"@id\":\"https:\/\/perudental.com\/en\/#website\"},\"datePublished\":\"2024-01-16T18:50:47+00:00\",\"dateModified\":\"2025-10-13T16:08:13+00:00\",\"description\":\"Contact us for treatment details and information about your initial visit. Jir\u00f3n Monterrey 355, Santiago Surco. Telf. (01) 202 - 2222\",\"inLanguage\":\"es-PE\",\"potentialAction\":[{\"@type\":\"ReadAction\",\"target\":[\"https:\/\/perudental.com\/en\/contact\/\"]}]},{\"@type\":\"WebSite\",\"@id\":\"https:\/\/perudental.com\/en\/#website\",\"url\":\"https:\/\/perudental.com\/en\/\",\"name\":\"PeruDental nueva version\",\"description\":\"Especialistas en dise\u00f1o de Sonrisas con la tecnolog\u00eda m\u00e1s avanzada\",\"potentialAction\":[{\"@type\":\"SearchAction\",\"target\":{\"@type\":\"EntryPoint\",\"urlTemplate\":\"https:\/\/perudental.com\/en\/?s={search_term_string}\"},\"query-input\":{\"@type\":\"PropertyValueSpecification\",\"valueRequired\":true,\"valueName\":\"search_term_string\"}}],\"inLanguage\":\"es-PE\"}]}<\/script>\n<!-- \/ Yoast SEO plugin. -->","yoast_head_json":{"title":"Get in Touch | Contact Us - Per\u00fa Dental","description":"Contact us for treatment details and information about your initial visit. Jir\u00f3n Monterrey 355, Santiago Surco. Telf. (01) 202 - 2222","robots":{"index":"index","follow":"follow","max-snippet":"max-snippet:-1","max-image-preview":"max-image-preview:large","max-video-preview":"max-video-preview:-1"},"canonical":"https:\/\/perudental.com\/en\/contact\/","og_locale":"es_ES","og_type":"article","og_title":"Get in Touch | Contact Us - Per\u00fa Dental","og_description":"Contact us for treatment details and information about your initial visit. Jir\u00f3n Monterrey 355, Santiago Surco. Telf. (01) 202 - 2222","og_url":"https:\/\/perudental.com\/en\/contact\/","og_site_name":"PeruDental nueva version","article_modified_time":"2025-10-13T16:08:13+00:00","twitter_card":"summary_large_image","schema":{"@context":"https:\/\/schema.org","@graph":[{"@type":"WebPage","@id":"https:\/\/perudental.com\/en\/contact\/","url":"https:\/\/perudental.com\/en\/contact\/","name":"Get in Touch | Contact Us - Per\u00fa Dental","isPartOf":{"@id":"https:\/\/perudental.com\/en\/#website"},"datePublished":"2024-01-16T18:50:47+00:00","dateModified":"2025-10-13T16:08:13+00:00","description":"Contact us for treatment details and information about your initial visit. Jir\u00f3n Monterrey 355, Santiago Surco. Telf. (01) 202 - 2222","inLanguage":"es-PE","potentialAction":[{"@type":"ReadAction","target":["https:\/\/perudental.com\/en\/contact\/"]}]},{"@type":"WebSite","@id":"https:\/\/perudental.com\/en\/#website","url":"https:\/\/perudental.com\/en\/","name":"PeruDental nueva version","description":"Especialistas en dise\u00f1o de Sonrisas con la tecnolog\u00eda m\u00e1s avanzada","potentialAction":[{"@type":"SearchAction","target":{"@type":"EntryPoint","urlTemplate":"https:\/\/perudental.com\/en\/?s={search_term_string}"},"query-input":{"@type":"PropertyValueSpecification","valueRequired":true,"valueName":"search_term_string"}}],"inLanguage":"es-PE"}]}},"_links":{"self":[{"href":"https:\/\/perudental.com\/en\/wp-json\/wp\/v2\/pages\/106","targetHints":{"allow":["GET"]}}],"collection":[{"href":"https:\/\/perudental.com\/en\/wp-json\/wp\/v2\/pages"}],"about":[{"href":"https:\/\/perudental.com\/en\/wp-json\/wp\/v2\/types\/page"}],"author":[{"embeddable":true,"href":"https:\/\/perudental.com\/en\/wp-json\/wp\/v2\/users\/1"}],"replies":[{"embeddable":true,"href":"https:\/\/perudental.com\/en\/wp-json\/wp\/v2\/comments?post=106"}],"version-history":[{"count":2,"href":"https:\/\/perudental.com\/en\/wp-json\/wp\/v2\/pages\/106\/revisions"}],"predecessor-version":[{"id":951,"href":"https:\/\/perudental.com\/en\/wp-json\/wp\/v2\/pages\/106\/revisions\/951"}],"wp:attachment":[{"href":"https:\/\/perudental.com\/en\/wp-json\/wp\/v2\/media?parent=106"}],"curies":[{"name":"wp","href":"https:\/\/api.w.org\/{rel}","templated":true}]}}