{"id":146,"date":"2024-01-17T18:43:24","date_gmt":"2024-01-17T23:43:24","guid":{"rendered":"https:\/\/perudental.com\/en\/?page_id=146"},"modified":"2024-11-12T07:31:44","modified_gmt":"2024-11-12T12:31:44","slug":"dental-whitening","status":"publish","type":"page","link":"https:\/\/perudental.com\/en\/dental-treatments\/smile-design\/dental-whitening\/","title":{"rendered":"Dental Whitening"},"content":{"rendered":"","protected":false},"excerpt":{"rendered":"","protected":false},"author":1,"featured_media":226,"parent":68,"menu_order":1,"comment_status":"closed","ping_status":"closed","template":"tmp_ficha_blanqueamiento.php","meta":{"footnotes":""},"class_list":["post-146","page","type-page","status-publish","has-post-thumbnail","hentry"],"yoast_head":"<!-- This site is optimized with the Yoast SEO plugin v23.6 - https:\/\/yoast.com\/wordpress\/plugins\/seo\/ -->\n<title>Pain-Free Teeth Whitening in only 1 Hour | Perudental<\/title>\n<meta name=\"description\" content=\"Achieve a radiant smile with our professional teeth whitening services. Safe, effective, and tailored to enhance your natural beauty!\" \/>\n<meta name=\"robots\" content=\"index, follow, max-snippet:-1, max-image-preview:large, max-video-preview:-1\" \/>\n<link rel=\"canonical\" href=\"https:\/\/perudental.com\/en\/dental-treatments\/smile-design\/dental-whitening\/\" \/>\n<meta property=\"og:locale\" content=\"es_ES\" \/>\n<meta property=\"og:type\" content=\"article\" \/>\n<meta property=\"og:title\" content=\"Pain-Free Teeth Whitening in only 1 Hour | Perudental\" \/>\n<meta property=\"og:description\" content=\"Achieve a radiant smile with our professional teeth whitening services. Safe, effective, and tailored to enhance your natural beauty!\" \/>\n<meta property=\"og:url\" content=\"https:\/\/perudental.com\/en\/dental-treatments\/smile-design\/dental-whitening\/\" \/>\n<meta property=\"og:site_name\" content=\"PeruDental nueva version\" \/>\n<meta property=\"article:modified_time\" content=\"2024-11-12T12:31:44+00:00\" \/>\n<meta property=\"og:image\" content=\"https:\/\/perudental.com\/en\/wp-content\/uploads\/2024\/01\/WhatsApp-Image-2024-01-18-at-3.14.45-PM.jpeg\" \/>\n\t<meta property=\"og:image:width\" content=\"1068\" \/>\n\t<meta property=\"og:image:height\" content=\"1600\" \/>\n\t<meta property=\"og:image:type\" content=\"image\/jpeg\" \/>\n<meta name=\"twitter:card\" content=\"summary_large_image\" \/>\n<meta name=\"twitter:label1\" content=\"Est. reading time\" \/>\n\t<meta name=\"twitter:data1\" content=\"1 minuto\" \/>\n<script type=\"application\/ld+json\" class=\"yoast-schema-graph\">{\"@context\":\"https:\/\/schema.org\",\"@graph\":[{\"@type\":\"WebPage\",\"@id\":\"https:\/\/perudental.com\/en\/dental-treatments\/smile-design\/dental-whitening\/\",\"url\":\"https:\/\/perudental.com\/en\/dental-treatments\/smile-design\/dental-whitening\/\",\"name\":\"Pain-Free Teeth Whitening in only 1 Hour | Perudental\",\"isPartOf\":{\"@id\":\"https:\/\/perudental.com\/en\/#website\"},\"primaryImageOfPage\":{\"@id\":\"https:\/\/perudental.com\/en\/dental-treatments\/smile-design\/dental-whitening\/#primaryimage\"},\"image\":{\"@id\":\"https:\/\/perudental.com\/en\/dental-treatments\/smile-design\/dental-whitening\/#primaryimage\"},\"thumbnailUrl\":\"https:\/\/perudental.com\/en\/wp-content\/uploads\/2024\/01\/WhatsApp-Image-2024-01-18-at-3.14.45-PM.jpeg\",\"datePublished\":\"2024-01-17T23:43:24+00:00\",\"dateModified\":\"2024-11-12T12:31:44+00:00\",\"description\":\"Achieve a radiant smile with our professional teeth whitening services. Safe, effective, and tailored to enhance your natural beauty!\",\"breadcrumb\":{\"@id\":\"https:\/\/perudental.com\/en\/dental-treatments\/smile-design\/dental-whitening\/#breadcrumb\"},\"inLanguage\":\"es-PE\",\"potentialAction\":[{\"@type\":\"ReadAction\",\"target\":[\"https:\/\/perudental.com\/en\/dental-treatments\/smile-design\/dental-whitening\/\"]}]},{\"@type\":\"ImageObject\",\"inLanguage\":\"es-PE\",\"@id\":\"https:\/\/perudental.com\/en\/dental-treatments\/smile-design\/dental-whitening\/#primaryimage\",\"url\":\"https:\/\/perudental.com\/en\/wp-content\/uploads\/2024\/01\/WhatsApp-Image-2024-01-18-at-3.14.45-PM.jpeg\",\"contentUrl\":\"https:\/\/perudental.com\/en\/wp-content\/uploads\/2024\/01\/WhatsApp-Image-2024-01-18-at-3.14.45-PM.jpeg\",\"width\":1068,\"height\":1600},{\"@type\":\"BreadcrumbList\",\"@id\":\"https:\/\/perudental.com\/en\/dental-treatments\/smile-design\/dental-whitening\/#breadcrumb\",\"itemListElement\":[{\"@type\":\"ListItem\",\"position\":1,\"name\":\"Treatments\",\"item\":\"https:\/\/perudental.com\/en\/dental-treatments\/\"},{\"@type\":\"ListItem\",\"position\":2,\"name\":\"Smile Design\",\"item\":\"https:\/\/perudental.com\/en\/dental-treatments\/smile-design\/\"},{\"@type\":\"ListItem\",\"position\":3,\"name\":\"Dental Whitening\"}]},{\"@type\":\"WebSite\",\"@id\":\"https:\/\/perudental.com\/en\/#website\",\"url\":\"https:\/\/perudental.com\/en\/\",\"name\":\"PeruDental nueva version\",\"description\":\"Especialistas en dise\u00f1o de Sonrisas con la tecnolog\u00eda m\u00e1s avanzada\",\"potentialAction\":[{\"@type\":\"SearchAction\",\"target\":{\"@type\":\"EntryPoint\",\"urlTemplate\":\"https:\/\/perudental.com\/en\/?s={search_term_string}\"},\"query-input\":{\"@type\":\"PropertyValueSpecification\",\"valueRequired\":true,\"valueName\":\"search_term_string\"}}],\"inLanguage\":\"es-PE\"}]}<\/script>\n<!-- \/ Yoast SEO plugin. -->","yoast_head_json":{"title":"Pain-Free Teeth Whitening in only 1 Hour | Perudental","description":"Achieve a radiant smile with our professional teeth whitening services. Safe, effective, and tailored to enhance your natural beauty!","robots":{"index":"index","follow":"follow","max-snippet":"max-snippet:-1","max-image-preview":"max-image-preview:large","max-video-preview":"max-video-preview:-1"},"canonical":"https:\/\/perudental.com\/en\/dental-treatments\/smile-design\/dental-whitening\/","og_locale":"es_ES","og_type":"article","og_title":"Pain-Free Teeth Whitening in only 1 Hour | Perudental","og_description":"Achieve a radiant smile with our professional teeth whitening services. Safe, effective, and tailored to enhance your natural beauty!","og_url":"https:\/\/perudental.com\/en\/dental-treatments\/smile-design\/dental-whitening\/","og_site_name":"PeruDental nueva version","article_modified_time":"2024-11-12T12:31:44+00:00","og_image":[{"width":1068,"height":1600,"url":"https:\/\/perudental.com\/en\/wp-content\/uploads\/2024\/01\/WhatsApp-Image-2024-01-18-at-3.14.45-PM.jpeg","type":"image\/jpeg"}],"twitter_card":"summary_large_image","twitter_misc":{"Est. reading time":"1 minuto"},"schema":{"@context":"https:\/\/schema.org","@graph":[{"@type":"WebPage","@id":"https:\/\/perudental.com\/en\/dental-treatments\/smile-design\/dental-whitening\/","url":"https:\/\/perudental.com\/en\/dental-treatments\/smile-design\/dental-whitening\/","name":"Pain-Free Teeth Whitening in only 1 Hour | Perudental","isPartOf":{"@id":"https:\/\/perudental.com\/en\/#website"},"primaryImageOfPage":{"@id":"https:\/\/perudental.com\/en\/dental-treatments\/smile-design\/dental-whitening\/#primaryimage"},"image":{"@id":"https:\/\/perudental.com\/en\/dental-treatments\/smile-design\/dental-whitening\/#primaryimage"},"thumbnailUrl":"https:\/\/perudental.com\/en\/wp-content\/uploads\/2024\/01\/WhatsApp-Image-2024-01-18-at-3.14.45-PM.jpeg","datePublished":"2024-01-17T23:43:24+00:00","dateModified":"2024-11-12T12:31:44+00:00","description":"Achieve a radiant smile with our professional teeth whitening services. Safe, effective, and tailored to enhance your natural beauty!","breadcrumb":{"@id":"https:\/\/perudental.com\/en\/dental-treatments\/smile-design\/dental-whitening\/#breadcrumb"},"inLanguage":"es-PE","potentialAction":[{"@type":"ReadAction","target":["https:\/\/perudental.com\/en\/dental-treatments\/smile-design\/dental-whitening\/"]}]},{"@type":"ImageObject","inLanguage":"es-PE","@id":"https:\/\/perudental.com\/en\/dental-treatments\/smile-design\/dental-whitening\/#primaryimage","url":"https:\/\/perudental.com\/en\/wp-content\/uploads\/2024\/01\/WhatsApp-Image-2024-01-18-at-3.14.45-PM.jpeg","contentUrl":"https:\/\/perudental.com\/en\/wp-content\/uploads\/2024\/01\/WhatsApp-Image-2024-01-18-at-3.14.45-PM.jpeg","width":1068,"height":1600},{"@type":"BreadcrumbList","@id":"https:\/\/perudental.com\/en\/dental-treatments\/smile-design\/dental-whitening\/#breadcrumb","itemListElement":[{"@type":"ListItem","position":1,"name":"Treatments","item":"https:\/\/perudental.com\/en\/dental-treatments\/"},{"@type":"ListItem","position":2,"name":"Smile Design","item":"https:\/\/perudental.com\/en\/dental-treatments\/smile-design\/"},{"@type":"ListItem","position":3,"name":"Dental Whitening"}]},{"@type":"WebSite","@id":"https:\/\/perudental.com\/en\/#website","url":"https:\/\/perudental.com\/en\/","name":"PeruDental nueva version","description":"Especialistas en dise\u00f1o de Sonrisas con la tecnolog\u00eda m\u00e1s avanzada","potentialAction":[{"@type":"SearchAction","target":{"@type":"EntryPoint","urlTemplate":"https:\/\/perudental.com\/en\/?s={search_term_string}"},"query-input":{"@type":"PropertyValueSpecification","valueRequired":true,"valueName":"search_term_string"}}],"inLanguage":"es-PE"}]}},"_links":{"self":[{"href":"https:\/\/perudental.com\/en\/wp-json\/wp\/v2\/pages\/146","targetHints":{"allow":["GET"]}}],"collection":[{"href":"https:\/\/perudental.com\/en\/wp-json\/wp\/v2\/pages"}],"about":[{"href":"https:\/\/perudental.com\/en\/wp-json\/wp\/v2\/types\/page"}],"author":[{"embeddable":true,"href":"https:\/\/perudental.com\/en\/wp-json\/wp\/v2\/users\/1"}],"replies":[{"embeddable":true,"href":"https:\/\/perudental.com\/en\/wp-json\/wp\/v2\/comments?post=146"}],"version-history":[{"count":2,"href":"https:\/\/perudental.com\/en\/wp-json\/wp\/v2\/pages\/146\/revisions"}],"predecessor-version":[{"id":572,"href":"https:\/\/perudental.com\/en\/wp-json\/wp\/v2\/pages\/146\/revisions\/572"}],"up":[{"embeddable":true,"href":"https:\/\/perudental.com\/en\/wp-json\/wp\/v2\/pages\/68"}],"wp:featuredmedia":[{"embeddable":true,"href":"https:\/\/perudental.com\/en\/wp-json\/wp\/v2\/media\/226"}],"wp:attachment":[{"href":"https:\/\/perudental.com\/en\/wp-json\/wp\/v2\/media?parent=146"}],"curies":[{"name":"wp","href":"https:\/\/api.w.org\/{rel}","templated":true}]}}