{"id":153,"date":"2024-01-18T10:27:59","date_gmt":"2024-01-18T15:27:59","guid":{"rendered":"https:\/\/perudental.com\/en\/?page_id=153"},"modified":"2024-11-18T16:58:33","modified_gmt":"2024-11-18T21:58:33","slug":"dental-veneers","status":"publish","type":"page","link":"https:\/\/perudental.com\/en\/dental-treatments\/smile-design\/dental-veneers\/","title":{"rendered":"Dental Veneers"},"content":{"rendered":"","protected":false},"excerpt":{"rendered":"","protected":false},"author":1,"featured_media":228,"parent":68,"menu_order":3,"comment_status":"closed","ping_status":"closed","template":"tmp_ficha_carillas.php","meta":{"footnotes":""},"class_list":["post-153","page","type-page","status-publish","has-post-thumbnail","hentry"],"yoast_head":"<!-- This site is optimized with the Yoast SEO plugin v23.6 - https:\/\/yoast.com\/wordpress\/plugins\/seo\/ -->\n<title>Advanced 3D CAD CAM Dental Veneers in Lima - Perudental<\/title>\n<meta name=\"description\" content=\"Transform your smile with advanced 3D CAD CAM dental veneers at Perudental in Lima, providing a custom solution for stunning aesthetics.\" \/>\n<meta name=\"robots\" content=\"index, follow, max-snippet:-1, max-image-preview:large, max-video-preview:-1\" \/>\n<link rel=\"canonical\" href=\"https:\/\/perudental.com\/en\/dental-treatments\/smile-design\/dental-veneers\/\" \/>\n<meta property=\"og:locale\" content=\"es_ES\" \/>\n<meta property=\"og:type\" content=\"article\" \/>\n<meta property=\"og:title\" content=\"Advanced 3D CAD CAM Dental Veneers in Lima - Perudental\" \/>\n<meta property=\"og:description\" content=\"Transform your smile with advanced 3D CAD CAM dental veneers at Perudental in Lima, providing a custom solution for stunning aesthetics.\" \/>\n<meta property=\"og:url\" content=\"https:\/\/perudental.com\/en\/dental-treatments\/smile-design\/dental-veneers\/\" \/>\n<meta property=\"og:site_name\" content=\"PeruDental nueva version\" \/>\n<meta property=\"article:modified_time\" content=\"2024-11-18T21:58:33+00:00\" \/>\n<meta property=\"og:image\" content=\"https:\/\/perudental.com\/en\/wp-content\/uploads\/2024\/01\/WhatsApp-Image-2024-01-18-at-3.14.44-PM.jpeg\" \/>\n\t<meta property=\"og:image:width\" content=\"1600\" \/>\n\t<meta property=\"og:image:height\" content=\"1067\" \/>\n\t<meta property=\"og:image:type\" content=\"image\/jpeg\" \/>\n<meta name=\"twitter:card\" content=\"summary_large_image\" \/>\n<meta name=\"twitter:label1\" content=\"Est. reading time\" \/>\n\t<meta name=\"twitter:data1\" content=\"1 minuto\" \/>\n<script type=\"application\/ld+json\" class=\"yoast-schema-graph\">{\"@context\":\"https:\/\/schema.org\",\"@graph\":[{\"@type\":\"WebPage\",\"@id\":\"https:\/\/perudental.com\/en\/dental-treatments\/smile-design\/dental-veneers\/\",\"url\":\"https:\/\/perudental.com\/en\/dental-treatments\/smile-design\/dental-veneers\/\",\"name\":\"Advanced 3D CAD CAM Dental Veneers in Lima - Perudental\",\"isPartOf\":{\"@id\":\"https:\/\/perudental.com\/en\/#website\"},\"primaryImageOfPage\":{\"@id\":\"https:\/\/perudental.com\/en\/dental-treatments\/smile-design\/dental-veneers\/#primaryimage\"},\"image\":{\"@id\":\"https:\/\/perudental.com\/en\/dental-treatments\/smile-design\/dental-veneers\/#primaryimage\"},\"thumbnailUrl\":\"https:\/\/perudental.com\/en\/wp-content\/uploads\/2024\/01\/WhatsApp-Image-2024-01-18-at-3.14.44-PM.jpeg\",\"datePublished\":\"2024-01-18T15:27:59+00:00\",\"dateModified\":\"2024-11-18T21:58:33+00:00\",\"description\":\"Transform your smile with advanced 3D CAD CAM dental veneers at Perudental in Lima, providing a custom solution for stunning aesthetics.\",\"breadcrumb\":{\"@id\":\"https:\/\/perudental.com\/en\/dental-treatments\/smile-design\/dental-veneers\/#breadcrumb\"},\"inLanguage\":\"es-PE\",\"potentialAction\":[{\"@type\":\"ReadAction\",\"target\":[\"https:\/\/perudental.com\/en\/dental-treatments\/smile-design\/dental-veneers\/\"]}]},{\"@type\":\"ImageObject\",\"inLanguage\":\"es-PE\",\"@id\":\"https:\/\/perudental.com\/en\/dental-treatments\/smile-design\/dental-veneers\/#primaryimage\",\"url\":\"https:\/\/perudental.com\/en\/wp-content\/uploads\/2024\/01\/WhatsApp-Image-2024-01-18-at-3.14.44-PM.jpeg\",\"contentUrl\":\"https:\/\/perudental.com\/en\/wp-content\/uploads\/2024\/01\/WhatsApp-Image-2024-01-18-at-3.14.44-PM.jpeg\",\"width\":1600,\"height\":1067},{\"@type\":\"BreadcrumbList\",\"@id\":\"https:\/\/perudental.com\/en\/dental-treatments\/smile-design\/dental-veneers\/#breadcrumb\",\"itemListElement\":[{\"@type\":\"ListItem\",\"position\":1,\"name\":\"Treatments\",\"item\":\"https:\/\/perudental.com\/en\/dental-treatments\/\"},{\"@type\":\"ListItem\",\"position\":2,\"name\":\"Smile Design\",\"item\":\"https:\/\/perudental.com\/en\/dental-treatments\/smile-design\/\"},{\"@type\":\"ListItem\",\"position\":3,\"name\":\"Dental Veneers\"}]},{\"@type\":\"WebSite\",\"@id\":\"https:\/\/perudental.com\/en\/#website\",\"url\":\"https:\/\/perudental.com\/en\/\",\"name\":\"PeruDental nueva version\",\"description\":\"Especialistas en dise\u00f1o de Sonrisas con la tecnolog\u00eda m\u00e1s avanzada\",\"potentialAction\":[{\"@type\":\"SearchAction\",\"target\":{\"@type\":\"EntryPoint\",\"urlTemplate\":\"https:\/\/perudental.com\/en\/?s={search_term_string}\"},\"query-input\":{\"@type\":\"PropertyValueSpecification\",\"valueRequired\":true,\"valueName\":\"search_term_string\"}}],\"inLanguage\":\"es-PE\"}]}<\/script>\n<!-- \/ Yoast SEO plugin. -->","yoast_head_json":{"title":"Advanced 3D CAD CAM Dental Veneers in Lima - Perudental","description":"Transform your smile with advanced 3D CAD CAM dental veneers at Perudental in Lima, providing a custom solution for stunning aesthetics.","robots":{"index":"index","follow":"follow","max-snippet":"max-snippet:-1","max-image-preview":"max-image-preview:large","max-video-preview":"max-video-preview:-1"},"canonical":"https:\/\/perudental.com\/en\/dental-treatments\/smile-design\/dental-veneers\/","og_locale":"es_ES","og_type":"article","og_title":"Advanced 3D CAD CAM Dental Veneers in Lima - Perudental","og_description":"Transform your smile with advanced 3D CAD CAM dental veneers at Perudental in Lima, providing a custom solution for stunning aesthetics.","og_url":"https:\/\/perudental.com\/en\/dental-treatments\/smile-design\/dental-veneers\/","og_site_name":"PeruDental nueva version","article_modified_time":"2024-11-18T21:58:33+00:00","og_image":[{"width":1600,"height":1067,"url":"https:\/\/perudental.com\/en\/wp-content\/uploads\/2024\/01\/WhatsApp-Image-2024-01-18-at-3.14.44-PM.jpeg","type":"image\/jpeg"}],"twitter_card":"summary_large_image","twitter_misc":{"Est. reading time":"1 minuto"},"schema":{"@context":"https:\/\/schema.org","@graph":[{"@type":"WebPage","@id":"https:\/\/perudental.com\/en\/dental-treatments\/smile-design\/dental-veneers\/","url":"https:\/\/perudental.com\/en\/dental-treatments\/smile-design\/dental-veneers\/","name":"Advanced 3D CAD CAM Dental Veneers in Lima - Perudental","isPartOf":{"@id":"https:\/\/perudental.com\/en\/#website"},"primaryImageOfPage":{"@id":"https:\/\/perudental.com\/en\/dental-treatments\/smile-design\/dental-veneers\/#primaryimage"},"image":{"@id":"https:\/\/perudental.com\/en\/dental-treatments\/smile-design\/dental-veneers\/#primaryimage"},"thumbnailUrl":"https:\/\/perudental.com\/en\/wp-content\/uploads\/2024\/01\/WhatsApp-Image-2024-01-18-at-3.14.44-PM.jpeg","datePublished":"2024-01-18T15:27:59+00:00","dateModified":"2024-11-18T21:58:33+00:00","description":"Transform your smile with advanced 3D CAD CAM dental veneers at Perudental in Lima, providing a custom solution for stunning aesthetics.","breadcrumb":{"@id":"https:\/\/perudental.com\/en\/dental-treatments\/smile-design\/dental-veneers\/#breadcrumb"},"inLanguage":"es-PE","potentialAction":[{"@type":"ReadAction","target":["https:\/\/perudental.com\/en\/dental-treatments\/smile-design\/dental-veneers\/"]}]},{"@type":"ImageObject","inLanguage":"es-PE","@id":"https:\/\/perudental.com\/en\/dental-treatments\/smile-design\/dental-veneers\/#primaryimage","url":"https:\/\/perudental.com\/en\/wp-content\/uploads\/2024\/01\/WhatsApp-Image-2024-01-18-at-3.14.44-PM.jpeg","contentUrl":"https:\/\/perudental.com\/en\/wp-content\/uploads\/2024\/01\/WhatsApp-Image-2024-01-18-at-3.14.44-PM.jpeg","width":1600,"height":1067},{"@type":"BreadcrumbList","@id":"https:\/\/perudental.com\/en\/dental-treatments\/smile-design\/dental-veneers\/#breadcrumb","itemListElement":[{"@type":"ListItem","position":1,"name":"Treatments","item":"https:\/\/perudental.com\/en\/dental-treatments\/"},{"@type":"ListItem","position":2,"name":"Smile Design","item":"https:\/\/perudental.com\/en\/dental-treatments\/smile-design\/"},{"@type":"ListItem","position":3,"name":"Dental Veneers"}]},{"@type":"WebSite","@id":"https:\/\/perudental.com\/en\/#website","url":"https:\/\/perudental.com\/en\/","name":"PeruDental nueva version","description":"Especialistas en dise\u00f1o de Sonrisas con la tecnolog\u00eda m\u00e1s avanzada","potentialAction":[{"@type":"SearchAction","target":{"@type":"EntryPoint","urlTemplate":"https:\/\/perudental.com\/en\/?s={search_term_string}"},"query-input":{"@type":"PropertyValueSpecification","valueRequired":true,"valueName":"search_term_string"}}],"inLanguage":"es-PE"}]}},"_links":{"self":[{"href":"https:\/\/perudental.com\/en\/wp-json\/wp\/v2\/pages\/153","targetHints":{"allow":["GET"]}}],"collection":[{"href":"https:\/\/perudental.com\/en\/wp-json\/wp\/v2\/pages"}],"about":[{"href":"https:\/\/perudental.com\/en\/wp-json\/wp\/v2\/types\/page"}],"author":[{"embeddable":true,"href":"https:\/\/perudental.com\/en\/wp-json\/wp\/v2\/users\/1"}],"replies":[{"embeddable":true,"href":"https:\/\/perudental.com\/en\/wp-json\/wp\/v2\/comments?post=153"}],"version-history":[{"count":3,"href":"https:\/\/perudental.com\/en\/wp-json\/wp\/v2\/pages\/153\/revisions"}],"predecessor-version":[{"id":574,"href":"https:\/\/perudental.com\/en\/wp-json\/wp\/v2\/pages\/153\/revisions\/574"}],"up":[{"embeddable":true,"href":"https:\/\/perudental.com\/en\/wp-json\/wp\/v2\/pages\/68"}],"wp:featuredmedia":[{"embeddable":true,"href":"https:\/\/perudental.com\/en\/wp-json\/wp\/v2\/media\/228"}],"wp:attachment":[{"href":"https:\/\/perudental.com\/en\/wp-json\/wp\/v2\/media?parent=153"}],"curies":[{"name":"wp","href":"https:\/\/api.w.org\/{rel}","templated":true}]}}