{"id":306,"date":"2024-02-04T10:53:01","date_gmt":"2024-02-04T15:53:01","guid":{"rendered":"https:\/\/perudental.com\/en\/?page_id=306"},"modified":"2024-11-13T11:11:05","modified_gmt":"2024-11-13T16:11:05","slug":"smart-brackets","status":"publish","type":"page","link":"https:\/\/perudental.com\/en\/dental-treatments\/orthodontics\/smart-brackets\/","title":{"rendered":"Smart Brackets"},"content":{"rendered":"","protected":false},"excerpt":{"rendered":"","protected":false},"author":1,"featured_media":314,"parent":76,"menu_order":2,"comment_status":"closed","ping_status":"closed","template":"tmp_ficha_brackets.php","meta":{"footnotes":""},"class_list":["post-306","page","type-page","status-publish","has-post-thumbnail","hentry"],"yoast_head":"<!-- This site is optimized with the Yoast SEO plugin v23.6 - https:\/\/yoast.com\/wordpress\/plugins\/seo\/ -->\n<title>Smart Brackets Advanced Orthodontics - Perudental<\/title>\n<meta name=\"description\" content=\"Achieve a perfect smile with Smart Brackets at Perudental \u2013 advanced orthodontic care for precise, effective results. Contacts us now!\" \/>\n<meta name=\"robots\" content=\"index, follow, max-snippet:-1, max-image-preview:large, max-video-preview:-1\" \/>\n<link rel=\"canonical\" href=\"https:\/\/perudental.com\/en\/dental-treatments\/orthodontics\/smart-brackets\/\" \/>\n<meta property=\"og:locale\" content=\"es_ES\" \/>\n<meta property=\"og:type\" content=\"article\" \/>\n<meta property=\"og:title\" content=\"Smart Brackets Advanced Orthodontics - Perudental\" \/>\n<meta property=\"og:description\" content=\"Achieve a perfect smile with Smart Brackets at Perudental \u2013 advanced orthodontic care for precise, effective results. Contacts us now!\" \/>\n<meta property=\"og:url\" content=\"https:\/\/perudental.com\/en\/dental-treatments\/orthodontics\/smart-brackets\/\" \/>\n<meta property=\"og:site_name\" content=\"PeruDental nueva version\" \/>\n<meta property=\"article:modified_time\" content=\"2024-11-13T16:11:05+00:00\" \/>\n<meta property=\"og:image\" content=\"https:\/\/perudental.com\/en\/wp-content\/uploads\/2024\/02\/rostro-joven-mujer-asiatica-sonriente-frenillos-dientes-tratamiento-ortodoncia.jpg.webp\" \/>\n\t<meta property=\"og:image:width\" content=\"1500\" \/>\n\t<meta property=\"og:image:height\" content=\"699\" \/>\n\t<meta property=\"og:image:type\" content=\"image\/webp\" \/>\n<meta name=\"twitter:card\" content=\"summary_large_image\" \/>\n<meta name=\"twitter:label1\" content=\"Est. reading time\" \/>\n\t<meta name=\"twitter:data1\" content=\"1 minuto\" \/>\n<script type=\"application\/ld+json\" class=\"yoast-schema-graph\">{\"@context\":\"https:\/\/schema.org\",\"@graph\":[{\"@type\":\"WebPage\",\"@id\":\"https:\/\/perudental.com\/en\/dental-treatments\/orthodontics\/smart-brackets\/\",\"url\":\"https:\/\/perudental.com\/en\/dental-treatments\/orthodontics\/smart-brackets\/\",\"name\":\"Smart Brackets Advanced Orthodontics - Perudental\",\"isPartOf\":{\"@id\":\"https:\/\/perudental.com\/en\/#website\"},\"primaryImageOfPage\":{\"@id\":\"https:\/\/perudental.com\/en\/dental-treatments\/orthodontics\/smart-brackets\/#primaryimage\"},\"image\":{\"@id\":\"https:\/\/perudental.com\/en\/dental-treatments\/orthodontics\/smart-brackets\/#primaryimage\"},\"thumbnailUrl\":\"https:\/\/perudental.com\/en\/wp-content\/uploads\/2024\/02\/rostro-joven-mujer-asiatica-sonriente-frenillos-dientes-tratamiento-ortodoncia.jpg.webp\",\"datePublished\":\"2024-02-04T15:53:01+00:00\",\"dateModified\":\"2024-11-13T16:11:05+00:00\",\"description\":\"Achieve a perfect smile with Smart Brackets at Perudental \u2013 advanced orthodontic care for precise, effective results. Contacts us now!\",\"breadcrumb\":{\"@id\":\"https:\/\/perudental.com\/en\/dental-treatments\/orthodontics\/smart-brackets\/#breadcrumb\"},\"inLanguage\":\"es-PE\",\"potentialAction\":[{\"@type\":\"ReadAction\",\"target\":[\"https:\/\/perudental.com\/en\/dental-treatments\/orthodontics\/smart-brackets\/\"]}]},{\"@type\":\"ImageObject\",\"inLanguage\":\"es-PE\",\"@id\":\"https:\/\/perudental.com\/en\/dental-treatments\/orthodontics\/smart-brackets\/#primaryimage\",\"url\":\"https:\/\/perudental.com\/en\/wp-content\/uploads\/2024\/02\/rostro-joven-mujer-asiatica-sonriente-frenillos-dientes-tratamiento-ortodoncia.jpg.webp\",\"contentUrl\":\"https:\/\/perudental.com\/en\/wp-content\/uploads\/2024\/02\/rostro-joven-mujer-asiatica-sonriente-frenillos-dientes-tratamiento-ortodoncia.jpg.webp\",\"width\":1500,\"height\":699},{\"@type\":\"BreadcrumbList\",\"@id\":\"https:\/\/perudental.com\/en\/dental-treatments\/orthodontics\/smart-brackets\/#breadcrumb\",\"itemListElement\":[{\"@type\":\"ListItem\",\"position\":1,\"name\":\"Treatments\",\"item\":\"https:\/\/perudental.com\/en\/dental-treatments\/\"},{\"@type\":\"ListItem\",\"position\":2,\"name\":\"Orthodontics\",\"item\":\"https:\/\/perudental.com\/en\/dental-treatments\/orthodontics\/\"},{\"@type\":\"ListItem\",\"position\":3,\"name\":\"Smart Brackets\"}]},{\"@type\":\"WebSite\",\"@id\":\"https:\/\/perudental.com\/en\/#website\",\"url\":\"https:\/\/perudental.com\/en\/\",\"name\":\"PeruDental nueva version\",\"description\":\"Especialistas en dise\u00f1o de Sonrisas con la tecnolog\u00eda m\u00e1s avanzada\",\"potentialAction\":[{\"@type\":\"SearchAction\",\"target\":{\"@type\":\"EntryPoint\",\"urlTemplate\":\"https:\/\/perudental.com\/en\/?s={search_term_string}\"},\"query-input\":{\"@type\":\"PropertyValueSpecification\",\"valueRequired\":true,\"valueName\":\"search_term_string\"}}],\"inLanguage\":\"es-PE\"}]}<\/script>\n<!-- \/ Yoast SEO plugin. -->","yoast_head_json":{"title":"Smart Brackets Advanced Orthodontics - Perudental","description":"Achieve a perfect smile with Smart Brackets at Perudental \u2013 advanced orthodontic care for precise, effective results. Contacts us now!","robots":{"index":"index","follow":"follow","max-snippet":"max-snippet:-1","max-image-preview":"max-image-preview:large","max-video-preview":"max-video-preview:-1"},"canonical":"https:\/\/perudental.com\/en\/dental-treatments\/orthodontics\/smart-brackets\/","og_locale":"es_ES","og_type":"article","og_title":"Smart Brackets Advanced Orthodontics - Perudental","og_description":"Achieve a perfect smile with Smart Brackets at Perudental \u2013 advanced orthodontic care for precise, effective results. Contacts us now!","og_url":"https:\/\/perudental.com\/en\/dental-treatments\/orthodontics\/smart-brackets\/","og_site_name":"PeruDental nueva version","article_modified_time":"2024-11-13T16:11:05+00:00","og_image":[{"width":1500,"height":699,"url":"https:\/\/perudental.com\/en\/wp-content\/uploads\/2024\/02\/rostro-joven-mujer-asiatica-sonriente-frenillos-dientes-tratamiento-ortodoncia.jpg.webp","type":"image\/webp"}],"twitter_card":"summary_large_image","twitter_misc":{"Est. reading time":"1 minuto"},"schema":{"@context":"https:\/\/schema.org","@graph":[{"@type":"WebPage","@id":"https:\/\/perudental.com\/en\/dental-treatments\/orthodontics\/smart-brackets\/","url":"https:\/\/perudental.com\/en\/dental-treatments\/orthodontics\/smart-brackets\/","name":"Smart Brackets Advanced Orthodontics - Perudental","isPartOf":{"@id":"https:\/\/perudental.com\/en\/#website"},"primaryImageOfPage":{"@id":"https:\/\/perudental.com\/en\/dental-treatments\/orthodontics\/smart-brackets\/#primaryimage"},"image":{"@id":"https:\/\/perudental.com\/en\/dental-treatments\/orthodontics\/smart-brackets\/#primaryimage"},"thumbnailUrl":"https:\/\/perudental.com\/en\/wp-content\/uploads\/2024\/02\/rostro-joven-mujer-asiatica-sonriente-frenillos-dientes-tratamiento-ortodoncia.jpg.webp","datePublished":"2024-02-04T15:53:01+00:00","dateModified":"2024-11-13T16:11:05+00:00","description":"Achieve a perfect smile with Smart Brackets at Perudental \u2013 advanced orthodontic care for precise, effective results. Contacts us now!","breadcrumb":{"@id":"https:\/\/perudental.com\/en\/dental-treatments\/orthodontics\/smart-brackets\/#breadcrumb"},"inLanguage":"es-PE","potentialAction":[{"@type":"ReadAction","target":["https:\/\/perudental.com\/en\/dental-treatments\/orthodontics\/smart-brackets\/"]}]},{"@type":"ImageObject","inLanguage":"es-PE","@id":"https:\/\/perudental.com\/en\/dental-treatments\/orthodontics\/smart-brackets\/#primaryimage","url":"https:\/\/perudental.com\/en\/wp-content\/uploads\/2024\/02\/rostro-joven-mujer-asiatica-sonriente-frenillos-dientes-tratamiento-ortodoncia.jpg.webp","contentUrl":"https:\/\/perudental.com\/en\/wp-content\/uploads\/2024\/02\/rostro-joven-mujer-asiatica-sonriente-frenillos-dientes-tratamiento-ortodoncia.jpg.webp","width":1500,"height":699},{"@type":"BreadcrumbList","@id":"https:\/\/perudental.com\/en\/dental-treatments\/orthodontics\/smart-brackets\/#breadcrumb","itemListElement":[{"@type":"ListItem","position":1,"name":"Treatments","item":"https:\/\/perudental.com\/en\/dental-treatments\/"},{"@type":"ListItem","position":2,"name":"Orthodontics","item":"https:\/\/perudental.com\/en\/dental-treatments\/orthodontics\/"},{"@type":"ListItem","position":3,"name":"Smart Brackets"}]},{"@type":"WebSite","@id":"https:\/\/perudental.com\/en\/#website","url":"https:\/\/perudental.com\/en\/","name":"PeruDental nueva version","description":"Especialistas en dise\u00f1o de Sonrisas con la tecnolog\u00eda m\u00e1s avanzada","potentialAction":[{"@type":"SearchAction","target":{"@type":"EntryPoint","urlTemplate":"https:\/\/perudental.com\/en\/?s={search_term_string}"},"query-input":{"@type":"PropertyValueSpecification","valueRequired":true,"valueName":"search_term_string"}}],"inLanguage":"es-PE"}]}},"_links":{"self":[{"href":"https:\/\/perudental.com\/en\/wp-json\/wp\/v2\/pages\/306","targetHints":{"allow":["GET"]}}],"collection":[{"href":"https:\/\/perudental.com\/en\/wp-json\/wp\/v2\/pages"}],"about":[{"href":"https:\/\/perudental.com\/en\/wp-json\/wp\/v2\/types\/page"}],"author":[{"embeddable":true,"href":"https:\/\/perudental.com\/en\/wp-json\/wp\/v2\/users\/1"}],"replies":[{"embeddable":true,"href":"https:\/\/perudental.com\/en\/wp-json\/wp\/v2\/comments?post=306"}],"version-history":[{"count":4,"href":"https:\/\/perudental.com\/en\/wp-json\/wp\/v2\/pages\/306\/revisions"}],"predecessor-version":[{"id":586,"href":"https:\/\/perudental.com\/en\/wp-json\/wp\/v2\/pages\/306\/revisions\/586"}],"up":[{"embeddable":true,"href":"https:\/\/perudental.com\/en\/wp-json\/wp\/v2\/pages\/76"}],"wp:featuredmedia":[{"embeddable":true,"href":"https:\/\/perudental.com\/en\/wp-json\/wp\/v2\/media\/314"}],"wp:attachment":[{"href":"https:\/\/perudental.com\/en\/wp-json\/wp\/v2\/media?parent=306"}],"curies":[{"name":"wp","href":"https:\/\/api.w.org\/{rel}","templated":true}]}}