{"id":344,"date":"2024-02-04T19:58:20","date_gmt":"2024-02-05T00:58:20","guid":{"rendered":"https:\/\/perudental.com\/en\/?page_id=344"},"modified":"2024-11-18T18:12:42","modified_gmt":"2024-11-18T23:12:42","slug":"sinus-lift","status":"publish","type":"page","link":"https:\/\/perudental.com\/en\/dental-treatments\/maxillofacial-surgery\/sinus-lift\/","title":{"rendered":"Sinus Lift"},"content":{"rendered":"","protected":false},"excerpt":{"rendered":"","protected":false},"author":1,"featured_media":538,"parent":78,"menu_order":1,"comment_status":"closed","ping_status":"closed","template":"tmp_ficha_elevacion_seno.php","meta":{"footnotes":""},"class_list":["post-344","page","type-page","status-publish","has-post-thumbnail","hentry"],"yoast_head":"<!-- This site is optimized with the Yoast SEO plugin v23.6 - https:\/\/yoast.com\/wordpress\/plugins\/seo\/ -->\n<title>Sinus Lift Treatment in Lima- Per\u00fa Dental<\/title>\n<meta name=\"description\" content=\"Sinus lift procedures at Perudental in Lima provide enhanced bone support for dental implants, ensuring stability and long-lasting results.\" \/>\n<meta name=\"robots\" content=\"index, follow, max-snippet:-1, max-image-preview:large, max-video-preview:-1\" \/>\n<link rel=\"canonical\" href=\"https:\/\/perudental.com\/en\/dental-treatments\/maxillofacial-surgery\/sinus-lift\/\" \/>\n<meta property=\"og:locale\" content=\"es_ES\" \/>\n<meta property=\"og:type\" content=\"article\" \/>\n<meta property=\"og:title\" content=\"Sinus Lift Treatment in Lima- Per\u00fa Dental\" \/>\n<meta property=\"og:description\" content=\"Sinus lift procedures at Perudental in Lima provide enhanced bone support for dental implants, ensuring stability and long-lasting results.\" \/>\n<meta property=\"og:url\" content=\"https:\/\/perudental.com\/en\/dental-treatments\/maxillofacial-surgery\/sinus-lift\/\" \/>\n<meta property=\"og:site_name\" content=\"PeruDental nueva version\" \/>\n<meta property=\"article:modified_time\" content=\"2024-11-18T23:12:42+00:00\" \/>\n<meta property=\"og:image\" content=\"https:\/\/perudental.com\/en\/wp-content\/uploads\/2024\/03\/4.jpg\" \/>\n\t<meta property=\"og:image:width\" content=\"1900\" \/>\n\t<meta property=\"og:image:height\" content=\"1050\" \/>\n\t<meta property=\"og:image:type\" content=\"image\/jpeg\" \/>\n<meta name=\"twitter:card\" content=\"summary_large_image\" \/>\n<meta name=\"twitter:label1\" content=\"Est. reading time\" \/>\n\t<meta name=\"twitter:data1\" content=\"1 minuto\" \/>\n<script type=\"application\/ld+json\" class=\"yoast-schema-graph\">{\"@context\":\"https:\/\/schema.org\",\"@graph\":[{\"@type\":\"WebPage\",\"@id\":\"https:\/\/perudental.com\/en\/dental-treatments\/maxillofacial-surgery\/sinus-lift\/\",\"url\":\"https:\/\/perudental.com\/en\/dental-treatments\/maxillofacial-surgery\/sinus-lift\/\",\"name\":\"Sinus Lift Treatment in Lima- Per\u00fa Dental\",\"isPartOf\":{\"@id\":\"https:\/\/perudental.com\/en\/#website\"},\"primaryImageOfPage\":{\"@id\":\"https:\/\/perudental.com\/en\/dental-treatments\/maxillofacial-surgery\/sinus-lift\/#primaryimage\"},\"image\":{\"@id\":\"https:\/\/perudental.com\/en\/dental-treatments\/maxillofacial-surgery\/sinus-lift\/#primaryimage\"},\"thumbnailUrl\":\"https:\/\/perudental.com\/en\/wp-content\/uploads\/2024\/03\/4.jpg\",\"datePublished\":\"2024-02-05T00:58:20+00:00\",\"dateModified\":\"2024-11-18T23:12:42+00:00\",\"description\":\"Sinus lift procedures at Perudental in Lima provide enhanced bone support for dental implants, ensuring stability and long-lasting results.\",\"breadcrumb\":{\"@id\":\"https:\/\/perudental.com\/en\/dental-treatments\/maxillofacial-surgery\/sinus-lift\/#breadcrumb\"},\"inLanguage\":\"es-PE\",\"potentialAction\":[{\"@type\":\"ReadAction\",\"target\":[\"https:\/\/perudental.com\/en\/dental-treatments\/maxillofacial-surgery\/sinus-lift\/\"]}]},{\"@type\":\"ImageObject\",\"inLanguage\":\"es-PE\",\"@id\":\"https:\/\/perudental.com\/en\/dental-treatments\/maxillofacial-surgery\/sinus-lift\/#primaryimage\",\"url\":\"https:\/\/perudental.com\/en\/wp-content\/uploads\/2024\/03\/4.jpg\",\"contentUrl\":\"https:\/\/perudental.com\/en\/wp-content\/uploads\/2024\/03\/4.jpg\",\"width\":1900,\"height\":1050,\"caption\":\"maxillary sinus lift\"},{\"@type\":\"BreadcrumbList\",\"@id\":\"https:\/\/perudental.com\/en\/dental-treatments\/maxillofacial-surgery\/sinus-lift\/#breadcrumb\",\"itemListElement\":[{\"@type\":\"ListItem\",\"position\":1,\"name\":\"Treatments\",\"item\":\"https:\/\/perudental.com\/en\/dental-treatments\/\"},{\"@type\":\"ListItem\",\"position\":2,\"name\":\"Maxillofacial Surgery\",\"item\":\"https:\/\/perudental.com\/en\/dental-treatments\/maxillofacial-surgery\/\"},{\"@type\":\"ListItem\",\"position\":3,\"name\":\"Sinus Lift\"}]},{\"@type\":\"WebSite\",\"@id\":\"https:\/\/perudental.com\/en\/#website\",\"url\":\"https:\/\/perudental.com\/en\/\",\"name\":\"PeruDental nueva version\",\"description\":\"Especialistas en dise\u00f1o de Sonrisas con la tecnolog\u00eda m\u00e1s avanzada\",\"potentialAction\":[{\"@type\":\"SearchAction\",\"target\":{\"@type\":\"EntryPoint\",\"urlTemplate\":\"https:\/\/perudental.com\/en\/?s={search_term_string}\"},\"query-input\":{\"@type\":\"PropertyValueSpecification\",\"valueRequired\":true,\"valueName\":\"search_term_string\"}}],\"inLanguage\":\"es-PE\"}]}<\/script>\n<!-- \/ Yoast SEO plugin. -->","yoast_head_json":{"title":"Sinus Lift Treatment in Lima- Per\u00fa Dental","description":"Sinus lift procedures at Perudental in Lima provide enhanced bone support for dental implants, ensuring stability and long-lasting results.","robots":{"index":"index","follow":"follow","max-snippet":"max-snippet:-1","max-image-preview":"max-image-preview:large","max-video-preview":"max-video-preview:-1"},"canonical":"https:\/\/perudental.com\/en\/dental-treatments\/maxillofacial-surgery\/sinus-lift\/","og_locale":"es_ES","og_type":"article","og_title":"Sinus Lift Treatment in Lima- Per\u00fa Dental","og_description":"Sinus lift procedures at Perudental in Lima provide enhanced bone support for dental implants, ensuring stability and long-lasting results.","og_url":"https:\/\/perudental.com\/en\/dental-treatments\/maxillofacial-surgery\/sinus-lift\/","og_site_name":"PeruDental nueva version","article_modified_time":"2024-11-18T23:12:42+00:00","og_image":[{"width":1900,"height":1050,"url":"https:\/\/perudental.com\/en\/wp-content\/uploads\/2024\/03\/4.jpg","type":"image\/jpeg"}],"twitter_card":"summary_large_image","twitter_misc":{"Est. reading time":"1 minuto"},"schema":{"@context":"https:\/\/schema.org","@graph":[{"@type":"WebPage","@id":"https:\/\/perudental.com\/en\/dental-treatments\/maxillofacial-surgery\/sinus-lift\/","url":"https:\/\/perudental.com\/en\/dental-treatments\/maxillofacial-surgery\/sinus-lift\/","name":"Sinus Lift Treatment in Lima- Per\u00fa Dental","isPartOf":{"@id":"https:\/\/perudental.com\/en\/#website"},"primaryImageOfPage":{"@id":"https:\/\/perudental.com\/en\/dental-treatments\/maxillofacial-surgery\/sinus-lift\/#primaryimage"},"image":{"@id":"https:\/\/perudental.com\/en\/dental-treatments\/maxillofacial-surgery\/sinus-lift\/#primaryimage"},"thumbnailUrl":"https:\/\/perudental.com\/en\/wp-content\/uploads\/2024\/03\/4.jpg","datePublished":"2024-02-05T00:58:20+00:00","dateModified":"2024-11-18T23:12:42+00:00","description":"Sinus lift procedures at Perudental in Lima provide enhanced bone support for dental implants, ensuring stability and long-lasting results.","breadcrumb":{"@id":"https:\/\/perudental.com\/en\/dental-treatments\/maxillofacial-surgery\/sinus-lift\/#breadcrumb"},"inLanguage":"es-PE","potentialAction":[{"@type":"ReadAction","target":["https:\/\/perudental.com\/en\/dental-treatments\/maxillofacial-surgery\/sinus-lift\/"]}]},{"@type":"ImageObject","inLanguage":"es-PE","@id":"https:\/\/perudental.com\/en\/dental-treatments\/maxillofacial-surgery\/sinus-lift\/#primaryimage","url":"https:\/\/perudental.com\/en\/wp-content\/uploads\/2024\/03\/4.jpg","contentUrl":"https:\/\/perudental.com\/en\/wp-content\/uploads\/2024\/03\/4.jpg","width":1900,"height":1050,"caption":"maxillary sinus lift"},{"@type":"BreadcrumbList","@id":"https:\/\/perudental.com\/en\/dental-treatments\/maxillofacial-surgery\/sinus-lift\/#breadcrumb","itemListElement":[{"@type":"ListItem","position":1,"name":"Treatments","item":"https:\/\/perudental.com\/en\/dental-treatments\/"},{"@type":"ListItem","position":2,"name":"Maxillofacial Surgery","item":"https:\/\/perudental.com\/en\/dental-treatments\/maxillofacial-surgery\/"},{"@type":"ListItem","position":3,"name":"Sinus Lift"}]},{"@type":"WebSite","@id":"https:\/\/perudental.com\/en\/#website","url":"https:\/\/perudental.com\/en\/","name":"PeruDental nueva version","description":"Especialistas en dise\u00f1o de Sonrisas con la tecnolog\u00eda m\u00e1s avanzada","potentialAction":[{"@type":"SearchAction","target":{"@type":"EntryPoint","urlTemplate":"https:\/\/perudental.com\/en\/?s={search_term_string}"},"query-input":{"@type":"PropertyValueSpecification","valueRequired":true,"valueName":"search_term_string"}}],"inLanguage":"es-PE"}]}},"_links":{"self":[{"href":"https:\/\/perudental.com\/en\/wp-json\/wp\/v2\/pages\/344","targetHints":{"allow":["GET"]}}],"collection":[{"href":"https:\/\/perudental.com\/en\/wp-json\/wp\/v2\/pages"}],"about":[{"href":"https:\/\/perudental.com\/en\/wp-json\/wp\/v2\/types\/page"}],"author":[{"embeddable":true,"href":"https:\/\/perudental.com\/en\/wp-json\/wp\/v2\/users\/1"}],"replies":[{"embeddable":true,"href":"https:\/\/perudental.com\/en\/wp-json\/wp\/v2\/comments?post=344"}],"version-history":[{"count":2,"href":"https:\/\/perudental.com\/en\/wp-json\/wp\/v2\/pages\/344\/revisions"}],"predecessor-version":[{"id":604,"href":"https:\/\/perudental.com\/en\/wp-json\/wp\/v2\/pages\/344\/revisions\/604"}],"up":[{"embeddable":true,"href":"https:\/\/perudental.com\/en\/wp-json\/wp\/v2\/pages\/78"}],"wp:featuredmedia":[{"embeddable":true,"href":"https:\/\/perudental.com\/en\/wp-json\/wp\/v2\/media\/538"}],"wp:attachment":[{"href":"https:\/\/perudental.com\/en\/wp-json\/wp\/v2\/media?parent=344"}],"curies":[{"name":"wp","href":"https:\/\/api.w.org\/{rel}","templated":true}]}}