{"id":346,"date":"2024-02-04T19:58:43","date_gmt":"2024-02-05T00:58:43","guid":{"rendered":"https:\/\/perudental.com\/en\/?page_id=346"},"modified":"2024-11-28T08:52:51","modified_gmt":"2024-11-28T13:52:51","slug":"bone-graft","status":"publish","type":"page","link":"https:\/\/perudental.com\/en\/dental-treatments\/maxillofacial-surgery\/bone-graft\/","title":{"rendered":"Bone Graft"},"content":{"rendered":"","protected":false},"excerpt":{"rendered":"","protected":false},"author":1,"featured_media":357,"parent":78,"menu_order":2,"comment_status":"closed","ping_status":"closed","template":"tmp_ficha_injerto_oseo.php","meta":{"footnotes":""},"class_list":["post-346","page","type-page","status-publish","has-post-thumbnail","hentry"],"yoast_head":"<!-- This site is optimized with the Yoast SEO plugin v23.6 - https:\/\/yoast.com\/wordpress\/plugins\/seo\/ -->\n<title>Bone Graft Augmentation in Lima | Perudental<\/title>\n<meta name=\"description\" content=\"Bone graft procedures at Perudental in Lima strengthen jaw support for dental implants, ensuring stability and successful outcomes. Learn more\" \/>\n<meta name=\"robots\" content=\"index, follow, max-snippet:-1, max-image-preview:large, max-video-preview:-1\" \/>\n<link rel=\"canonical\" href=\"https:\/\/perudental.com\/en\/dental-treatments\/maxillofacial-surgery\/bone-graft\/\" \/>\n<meta property=\"og:locale\" content=\"es_ES\" \/>\n<meta property=\"og:type\" content=\"article\" \/>\n<meta property=\"og:title\" content=\"Bone Graft Augmentation in Lima | Perudental\" \/>\n<meta property=\"og:description\" content=\"Bone graft procedures at Perudental in Lima strengthen jaw support for dental implants, ensuring stability and successful outcomes. Learn more\" \/>\n<meta property=\"og:url\" content=\"https:\/\/perudental.com\/en\/dental-treatments\/maxillofacial-surgery\/bone-graft\/\" \/>\n<meta property=\"og:site_name\" content=\"PeruDental nueva version\" \/>\n<meta property=\"article:modified_time\" content=\"2024-11-28T13:52:51+00:00\" \/>\n<meta property=\"og:image\" content=\"https:\/\/perudental.com\/en\/wp-content\/uploads\/2024\/02\/CIRUGIA-jpg-1.webp\" \/>\n\t<meta property=\"og:image:width\" content=\"824\" \/>\n\t<meta property=\"og:image:height\" content=\"1024\" \/>\n\t<meta property=\"og:image:type\" content=\"image\/webp\" \/>\n<meta name=\"twitter:card\" content=\"summary_large_image\" \/>\n<meta name=\"twitter:label1\" content=\"Est. reading time\" \/>\n\t<meta name=\"twitter:data1\" content=\"1 minuto\" \/>\n<script type=\"application\/ld+json\" class=\"yoast-schema-graph\">{\"@context\":\"https:\/\/schema.org\",\"@graph\":[{\"@type\":\"WebPage\",\"@id\":\"https:\/\/perudental.com\/en\/dental-treatments\/maxillofacial-surgery\/bone-graft\/\",\"url\":\"https:\/\/perudental.com\/en\/dental-treatments\/maxillofacial-surgery\/bone-graft\/\",\"name\":\"Bone Graft Augmentation in Lima | Perudental\",\"isPartOf\":{\"@id\":\"https:\/\/perudental.com\/en\/#website\"},\"primaryImageOfPage\":{\"@id\":\"https:\/\/perudental.com\/en\/dental-treatments\/maxillofacial-surgery\/bone-graft\/#primaryimage\"},\"image\":{\"@id\":\"https:\/\/perudental.com\/en\/dental-treatments\/maxillofacial-surgery\/bone-graft\/#primaryimage\"},\"thumbnailUrl\":\"https:\/\/perudental.com\/en\/wp-content\/uploads\/2024\/02\/CIRUGIA-jpg-1.webp\",\"datePublished\":\"2024-02-05T00:58:43+00:00\",\"dateModified\":\"2024-11-28T13:52:51+00:00\",\"description\":\"Bone graft procedures at Perudental in Lima strengthen jaw support for dental implants, ensuring stability and successful outcomes. Learn more\",\"breadcrumb\":{\"@id\":\"https:\/\/perudental.com\/en\/dental-treatments\/maxillofacial-surgery\/bone-graft\/#breadcrumb\"},\"inLanguage\":\"es-PE\",\"potentialAction\":[{\"@type\":\"ReadAction\",\"target\":[\"https:\/\/perudental.com\/en\/dental-treatments\/maxillofacial-surgery\/bone-graft\/\"]}]},{\"@type\":\"ImageObject\",\"inLanguage\":\"es-PE\",\"@id\":\"https:\/\/perudental.com\/en\/dental-treatments\/maxillofacial-surgery\/bone-graft\/#primaryimage\",\"url\":\"https:\/\/perudental.com\/en\/wp-content\/uploads\/2024\/02\/CIRUGIA-jpg-1.webp\",\"contentUrl\":\"https:\/\/perudental.com\/en\/wp-content\/uploads\/2024\/02\/CIRUGIA-jpg-1.webp\",\"width\":824,\"height\":1024},{\"@type\":\"BreadcrumbList\",\"@id\":\"https:\/\/perudental.com\/en\/dental-treatments\/maxillofacial-surgery\/bone-graft\/#breadcrumb\",\"itemListElement\":[{\"@type\":\"ListItem\",\"position\":1,\"name\":\"Treatments\",\"item\":\"https:\/\/perudental.com\/en\/dental-treatments\/\"},{\"@type\":\"ListItem\",\"position\":2,\"name\":\"Maxillofacial Surgery\",\"item\":\"https:\/\/perudental.com\/en\/dental-treatments\/maxillofacial-surgery\/\"},{\"@type\":\"ListItem\",\"position\":3,\"name\":\"Bone Graft\"}]},{\"@type\":\"WebSite\",\"@id\":\"https:\/\/perudental.com\/en\/#website\",\"url\":\"https:\/\/perudental.com\/en\/\",\"name\":\"PeruDental nueva version\",\"description\":\"Especialistas en dise\u00f1o de Sonrisas con la tecnolog\u00eda m\u00e1s avanzada\",\"potentialAction\":[{\"@type\":\"SearchAction\",\"target\":{\"@type\":\"EntryPoint\",\"urlTemplate\":\"https:\/\/perudental.com\/en\/?s={search_term_string}\"},\"query-input\":{\"@type\":\"PropertyValueSpecification\",\"valueRequired\":true,\"valueName\":\"search_term_string\"}}],\"inLanguage\":\"es-PE\"}]}<\/script>\n<!-- \/ Yoast SEO plugin. -->","yoast_head_json":{"title":"Bone Graft Augmentation in Lima | Perudental","description":"Bone graft procedures at Perudental in Lima strengthen jaw support for dental implants, ensuring stability and successful outcomes. Learn more","robots":{"index":"index","follow":"follow","max-snippet":"max-snippet:-1","max-image-preview":"max-image-preview:large","max-video-preview":"max-video-preview:-1"},"canonical":"https:\/\/perudental.com\/en\/dental-treatments\/maxillofacial-surgery\/bone-graft\/","og_locale":"es_ES","og_type":"article","og_title":"Bone Graft Augmentation in Lima | Perudental","og_description":"Bone graft procedures at Perudental in Lima strengthen jaw support for dental implants, ensuring stability and successful outcomes. Learn more","og_url":"https:\/\/perudental.com\/en\/dental-treatments\/maxillofacial-surgery\/bone-graft\/","og_site_name":"PeruDental nueva version","article_modified_time":"2024-11-28T13:52:51+00:00","og_image":[{"width":824,"height":1024,"url":"https:\/\/perudental.com\/en\/wp-content\/uploads\/2024\/02\/CIRUGIA-jpg-1.webp","type":"image\/webp"}],"twitter_card":"summary_large_image","twitter_misc":{"Est. reading time":"1 minuto"},"schema":{"@context":"https:\/\/schema.org","@graph":[{"@type":"WebPage","@id":"https:\/\/perudental.com\/en\/dental-treatments\/maxillofacial-surgery\/bone-graft\/","url":"https:\/\/perudental.com\/en\/dental-treatments\/maxillofacial-surgery\/bone-graft\/","name":"Bone Graft Augmentation in Lima | Perudental","isPartOf":{"@id":"https:\/\/perudental.com\/en\/#website"},"primaryImageOfPage":{"@id":"https:\/\/perudental.com\/en\/dental-treatments\/maxillofacial-surgery\/bone-graft\/#primaryimage"},"image":{"@id":"https:\/\/perudental.com\/en\/dental-treatments\/maxillofacial-surgery\/bone-graft\/#primaryimage"},"thumbnailUrl":"https:\/\/perudental.com\/en\/wp-content\/uploads\/2024\/02\/CIRUGIA-jpg-1.webp","datePublished":"2024-02-05T00:58:43+00:00","dateModified":"2024-11-28T13:52:51+00:00","description":"Bone graft procedures at Perudental in Lima strengthen jaw support for dental implants, ensuring stability and successful outcomes. Learn more","breadcrumb":{"@id":"https:\/\/perudental.com\/en\/dental-treatments\/maxillofacial-surgery\/bone-graft\/#breadcrumb"},"inLanguage":"es-PE","potentialAction":[{"@type":"ReadAction","target":["https:\/\/perudental.com\/en\/dental-treatments\/maxillofacial-surgery\/bone-graft\/"]}]},{"@type":"ImageObject","inLanguage":"es-PE","@id":"https:\/\/perudental.com\/en\/dental-treatments\/maxillofacial-surgery\/bone-graft\/#primaryimage","url":"https:\/\/perudental.com\/en\/wp-content\/uploads\/2024\/02\/CIRUGIA-jpg-1.webp","contentUrl":"https:\/\/perudental.com\/en\/wp-content\/uploads\/2024\/02\/CIRUGIA-jpg-1.webp","width":824,"height":1024},{"@type":"BreadcrumbList","@id":"https:\/\/perudental.com\/en\/dental-treatments\/maxillofacial-surgery\/bone-graft\/#breadcrumb","itemListElement":[{"@type":"ListItem","position":1,"name":"Treatments","item":"https:\/\/perudental.com\/en\/dental-treatments\/"},{"@type":"ListItem","position":2,"name":"Maxillofacial Surgery","item":"https:\/\/perudental.com\/en\/dental-treatments\/maxillofacial-surgery\/"},{"@type":"ListItem","position":3,"name":"Bone Graft"}]},{"@type":"WebSite","@id":"https:\/\/perudental.com\/en\/#website","url":"https:\/\/perudental.com\/en\/","name":"PeruDental nueva version","description":"Especialistas en dise\u00f1o de Sonrisas con la tecnolog\u00eda m\u00e1s avanzada","potentialAction":[{"@type":"SearchAction","target":{"@type":"EntryPoint","urlTemplate":"https:\/\/perudental.com\/en\/?s={search_term_string}"},"query-input":{"@type":"PropertyValueSpecification","valueRequired":true,"valueName":"search_term_string"}}],"inLanguage":"es-PE"}]}},"_links":{"self":[{"href":"https:\/\/perudental.com\/en\/wp-json\/wp\/v2\/pages\/346","targetHints":{"allow":["GET"]}}],"collection":[{"href":"https:\/\/perudental.com\/en\/wp-json\/wp\/v2\/pages"}],"about":[{"href":"https:\/\/perudental.com\/en\/wp-json\/wp\/v2\/types\/page"}],"author":[{"embeddable":true,"href":"https:\/\/perudental.com\/en\/wp-json\/wp\/v2\/users\/1"}],"replies":[{"embeddable":true,"href":"https:\/\/perudental.com\/en\/wp-json\/wp\/v2\/comments?post=346"}],"version-history":[{"count":3,"href":"https:\/\/perudental.com\/en\/wp-json\/wp\/v2\/pages\/346\/revisions"}],"predecessor-version":[{"id":606,"href":"https:\/\/perudental.com\/en\/wp-json\/wp\/v2\/pages\/346\/revisions\/606"}],"up":[{"embeddable":true,"href":"https:\/\/perudental.com\/en\/wp-json\/wp\/v2\/pages\/78"}],"wp:featuredmedia":[{"embeddable":true,"href":"https:\/\/perudental.com\/en\/wp-json\/wp\/v2\/media\/357"}],"wp:attachment":[{"href":"https:\/\/perudental.com\/en\/wp-json\/wp\/v2\/media?parent=346"}],"curies":[{"name":"wp","href":"https:\/\/api.w.org\/{rel}","templated":true}]}}