{"id":348,"date":"2024-02-04T19:59:03","date_gmt":"2024-02-05T00:59:03","guid":{"rendered":"https:\/\/perudental.com\/en\/?page_id=348"},"modified":"2024-11-13T11:12:42","modified_gmt":"2024-11-13T16:12:42","slug":"dental-extractions","status":"publish","type":"page","link":"https:\/\/perudental.com\/en\/dental-treatments\/maxillofacial-surgery\/dental-extractions\/","title":{"rendered":"Dental Extractions"},"content":{"rendered":"","protected":false},"excerpt":{"rendered":"","protected":false},"author":1,"featured_media":358,"parent":78,"menu_order":3,"comment_status":"closed","ping_status":"closed","template":"tmp_ficha_extraccion_dental.php","meta":{"footnotes":""},"class_list":["post-348","page","type-page","status-publish","has-post-thumbnail","hentry"],"yoast_head":"<!-- This site is optimized with the Yoast SEO plugin v23.6 - https:\/\/yoast.com\/wordpress\/plugins\/seo\/ -->\n<title>Dental Extractions in Lima, Pain-Free | Perudental<\/title>\n<meta name=\"description\" content=\"Expert dental extractions at Perudental. We provide safe and effective tooth removal for damaged, crowded, or infected teeth.\" \/>\n<meta name=\"robots\" content=\"index, follow, max-snippet:-1, max-image-preview:large, max-video-preview:-1\" \/>\n<link rel=\"canonical\" href=\"https:\/\/perudental.com\/en\/dental-treatments\/maxillofacial-surgery\/dental-extractions\/\" \/>\n<meta property=\"og:locale\" content=\"es_ES\" \/>\n<meta property=\"og:type\" content=\"article\" \/>\n<meta property=\"og:title\" content=\"Dental Extractions in Lima, Pain-Free | Perudental\" \/>\n<meta property=\"og:description\" content=\"Expert dental extractions at Perudental. We provide safe and effective tooth removal for damaged, crowded, or infected teeth.\" \/>\n<meta property=\"og:url\" content=\"https:\/\/perudental.com\/en\/dental-treatments\/maxillofacial-surgery\/dental-extractions\/\" \/>\n<meta property=\"og:site_name\" content=\"PeruDental nueva version\" \/>\n<meta property=\"article:modified_time\" content=\"2024-11-13T16:12:42+00:00\" \/>\n<meta property=\"og:image\" content=\"https:\/\/perudental.com\/en\/wp-content\/uploads\/2024\/02\/PERUDENTAL26611-GALERIA.jpg.webp\" \/>\n\t<meta property=\"og:image:width\" content=\"2000\" \/>\n\t<meta property=\"og:image:height\" content=\"1334\" \/>\n\t<meta property=\"og:image:type\" content=\"image\/webp\" \/>\n<meta name=\"twitter:card\" content=\"summary_large_image\" \/>\n<meta name=\"twitter:label1\" content=\"Est. reading time\" \/>\n\t<meta name=\"twitter:data1\" content=\"1 minuto\" \/>\n<script type=\"application\/ld+json\" class=\"yoast-schema-graph\">{\"@context\":\"https:\/\/schema.org\",\"@graph\":[{\"@type\":\"WebPage\",\"@id\":\"https:\/\/perudental.com\/en\/dental-treatments\/maxillofacial-surgery\/dental-extractions\/\",\"url\":\"https:\/\/perudental.com\/en\/dental-treatments\/maxillofacial-surgery\/dental-extractions\/\",\"name\":\"Dental Extractions in Lima, Pain-Free | Perudental\",\"isPartOf\":{\"@id\":\"https:\/\/perudental.com\/en\/#website\"},\"primaryImageOfPage\":{\"@id\":\"https:\/\/perudental.com\/en\/dental-treatments\/maxillofacial-surgery\/dental-extractions\/#primaryimage\"},\"image\":{\"@id\":\"https:\/\/perudental.com\/en\/dental-treatments\/maxillofacial-surgery\/dental-extractions\/#primaryimage\"},\"thumbnailUrl\":\"https:\/\/perudental.com\/en\/wp-content\/uploads\/2024\/02\/PERUDENTAL26611-GALERIA.jpg.webp\",\"datePublished\":\"2024-02-05T00:59:03+00:00\",\"dateModified\":\"2024-11-13T16:12:42+00:00\",\"description\":\"Expert dental extractions at Perudental. We provide safe and effective tooth removal for damaged, crowded, or infected teeth.\",\"breadcrumb\":{\"@id\":\"https:\/\/perudental.com\/en\/dental-treatments\/maxillofacial-surgery\/dental-extractions\/#breadcrumb\"},\"inLanguage\":\"es-PE\",\"potentialAction\":[{\"@type\":\"ReadAction\",\"target\":[\"https:\/\/perudental.com\/en\/dental-treatments\/maxillofacial-surgery\/dental-extractions\/\"]}]},{\"@type\":\"ImageObject\",\"inLanguage\":\"es-PE\",\"@id\":\"https:\/\/perudental.com\/en\/dental-treatments\/maxillofacial-surgery\/dental-extractions\/#primaryimage\",\"url\":\"https:\/\/perudental.com\/en\/wp-content\/uploads\/2024\/02\/PERUDENTAL26611-GALERIA.jpg.webp\",\"contentUrl\":\"https:\/\/perudental.com\/en\/wp-content\/uploads\/2024\/02\/PERUDENTAL26611-GALERIA.jpg.webp\",\"width\":2000,\"height\":1334},{\"@type\":\"BreadcrumbList\",\"@id\":\"https:\/\/perudental.com\/en\/dental-treatments\/maxillofacial-surgery\/dental-extractions\/#breadcrumb\",\"itemListElement\":[{\"@type\":\"ListItem\",\"position\":1,\"name\":\"Treatments\",\"item\":\"https:\/\/perudental.com\/en\/dental-treatments\/\"},{\"@type\":\"ListItem\",\"position\":2,\"name\":\"Maxillofacial Surgery\",\"item\":\"https:\/\/perudental.com\/en\/dental-treatments\/maxillofacial-surgery\/\"},{\"@type\":\"ListItem\",\"position\":3,\"name\":\"Dental Extractions\"}]},{\"@type\":\"WebSite\",\"@id\":\"https:\/\/perudental.com\/en\/#website\",\"url\":\"https:\/\/perudental.com\/en\/\",\"name\":\"PeruDental nueva version\",\"description\":\"Especialistas en dise\u00f1o de Sonrisas con la tecnolog\u00eda m\u00e1s avanzada\",\"potentialAction\":[{\"@type\":\"SearchAction\",\"target\":{\"@type\":\"EntryPoint\",\"urlTemplate\":\"https:\/\/perudental.com\/en\/?s={search_term_string}\"},\"query-input\":{\"@type\":\"PropertyValueSpecification\",\"valueRequired\":true,\"valueName\":\"search_term_string\"}}],\"inLanguage\":\"es-PE\"}]}<\/script>\n<!-- \/ Yoast SEO plugin. -->","yoast_head_json":{"title":"Dental Extractions in Lima, Pain-Free | Perudental","description":"Expert dental extractions at Perudental. We provide safe and effective tooth removal for damaged, crowded, or infected teeth.","robots":{"index":"index","follow":"follow","max-snippet":"max-snippet:-1","max-image-preview":"max-image-preview:large","max-video-preview":"max-video-preview:-1"},"canonical":"https:\/\/perudental.com\/en\/dental-treatments\/maxillofacial-surgery\/dental-extractions\/","og_locale":"es_ES","og_type":"article","og_title":"Dental Extractions in Lima, Pain-Free | Perudental","og_description":"Expert dental extractions at Perudental. We provide safe and effective tooth removal for damaged, crowded, or infected teeth.","og_url":"https:\/\/perudental.com\/en\/dental-treatments\/maxillofacial-surgery\/dental-extractions\/","og_site_name":"PeruDental nueva version","article_modified_time":"2024-11-13T16:12:42+00:00","og_image":[{"width":2000,"height":1334,"url":"https:\/\/perudental.com\/en\/wp-content\/uploads\/2024\/02\/PERUDENTAL26611-GALERIA.jpg.webp","type":"image\/webp"}],"twitter_card":"summary_large_image","twitter_misc":{"Est. reading time":"1 minuto"},"schema":{"@context":"https:\/\/schema.org","@graph":[{"@type":"WebPage","@id":"https:\/\/perudental.com\/en\/dental-treatments\/maxillofacial-surgery\/dental-extractions\/","url":"https:\/\/perudental.com\/en\/dental-treatments\/maxillofacial-surgery\/dental-extractions\/","name":"Dental Extractions in Lima, Pain-Free | Perudental","isPartOf":{"@id":"https:\/\/perudental.com\/en\/#website"},"primaryImageOfPage":{"@id":"https:\/\/perudental.com\/en\/dental-treatments\/maxillofacial-surgery\/dental-extractions\/#primaryimage"},"image":{"@id":"https:\/\/perudental.com\/en\/dental-treatments\/maxillofacial-surgery\/dental-extractions\/#primaryimage"},"thumbnailUrl":"https:\/\/perudental.com\/en\/wp-content\/uploads\/2024\/02\/PERUDENTAL26611-GALERIA.jpg.webp","datePublished":"2024-02-05T00:59:03+00:00","dateModified":"2024-11-13T16:12:42+00:00","description":"Expert dental extractions at Perudental. We provide safe and effective tooth removal for damaged, crowded, or infected teeth.","breadcrumb":{"@id":"https:\/\/perudental.com\/en\/dental-treatments\/maxillofacial-surgery\/dental-extractions\/#breadcrumb"},"inLanguage":"es-PE","potentialAction":[{"@type":"ReadAction","target":["https:\/\/perudental.com\/en\/dental-treatments\/maxillofacial-surgery\/dental-extractions\/"]}]},{"@type":"ImageObject","inLanguage":"es-PE","@id":"https:\/\/perudental.com\/en\/dental-treatments\/maxillofacial-surgery\/dental-extractions\/#primaryimage","url":"https:\/\/perudental.com\/en\/wp-content\/uploads\/2024\/02\/PERUDENTAL26611-GALERIA.jpg.webp","contentUrl":"https:\/\/perudental.com\/en\/wp-content\/uploads\/2024\/02\/PERUDENTAL26611-GALERIA.jpg.webp","width":2000,"height":1334},{"@type":"BreadcrumbList","@id":"https:\/\/perudental.com\/en\/dental-treatments\/maxillofacial-surgery\/dental-extractions\/#breadcrumb","itemListElement":[{"@type":"ListItem","position":1,"name":"Treatments","item":"https:\/\/perudental.com\/en\/dental-treatments\/"},{"@type":"ListItem","position":2,"name":"Maxillofacial Surgery","item":"https:\/\/perudental.com\/en\/dental-treatments\/maxillofacial-surgery\/"},{"@type":"ListItem","position":3,"name":"Dental Extractions"}]},{"@type":"WebSite","@id":"https:\/\/perudental.com\/en\/#website","url":"https:\/\/perudental.com\/en\/","name":"PeruDental nueva version","description":"Especialistas en dise\u00f1o de Sonrisas con la tecnolog\u00eda m\u00e1s avanzada","potentialAction":[{"@type":"SearchAction","target":{"@type":"EntryPoint","urlTemplate":"https:\/\/perudental.com\/en\/?s={search_term_string}"},"query-input":{"@type":"PropertyValueSpecification","valueRequired":true,"valueName":"search_term_string"}}],"inLanguage":"es-PE"}]}},"_links":{"self":[{"href":"https:\/\/perudental.com\/en\/wp-json\/wp\/v2\/pages\/348","targetHints":{"allow":["GET"]}}],"collection":[{"href":"https:\/\/perudental.com\/en\/wp-json\/wp\/v2\/pages"}],"about":[{"href":"https:\/\/perudental.com\/en\/wp-json\/wp\/v2\/types\/page"}],"author":[{"embeddable":true,"href":"https:\/\/perudental.com\/en\/wp-json\/wp\/v2\/users\/1"}],"replies":[{"embeddable":true,"href":"https:\/\/perudental.com\/en\/wp-json\/wp\/v2\/comments?post=348"}],"version-history":[{"count":4,"href":"https:\/\/perudental.com\/en\/wp-json\/wp\/v2\/pages\/348\/revisions"}],"predecessor-version":[{"id":637,"href":"https:\/\/perudental.com\/en\/wp-json\/wp\/v2\/pages\/348\/revisions\/637"}],"up":[{"embeddable":true,"href":"https:\/\/perudental.com\/en\/wp-json\/wp\/v2\/pages\/78"}],"wp:featuredmedia":[{"embeddable":true,"href":"https:\/\/perudental.com\/en\/wp-json\/wp\/v2\/media\/358"}],"wp:attachment":[{"href":"https:\/\/perudental.com\/en\/wp-json\/wp\/v2\/media?parent=348"}],"curies":[{"name":"wp","href":"https:\/\/api.w.org\/{rel}","templated":true}]}}