{"id":350,"date":"2024-02-04T19:59:19","date_gmt":"2024-02-05T00:59:19","guid":{"rendered":"https:\/\/perudental.com\/en\/?page_id=350"},"modified":"2024-11-28T08:50:31","modified_gmt":"2024-11-28T13:50:31","slug":"periodontics","status":"publish","type":"page","link":"https:\/\/perudental.com\/en\/dental-treatments\/maxillofacial-surgery\/periodontics\/","title":{"rendered":"Periodontics"},"content":{"rendered":"","protected":false},"excerpt":{"rendered":"","protected":false},"author":1,"featured_media":359,"parent":78,"menu_order":4,"comment_status":"closed","ping_status":"closed","template":"tmp_ficha_periodoncia.php","meta":{"footnotes":""},"class_list":["post-350","page","type-page","status-publish","has-post-thumbnail","hentry"],"yoast_head":"<!-- This site is optimized with the Yoast SEO plugin v23.6 - https:\/\/yoast.com\/wordpress\/plugins\/seo\/ -->\n<title>Specialized Periodontics in Lima - Per\u00fadental<\/title>\n<meta name=\"description\" content=\"Restore gum health with expert periodontic treatments. We provide deep cleanings, root planing, and gum care for optimal oral health.\" \/>\n<meta name=\"robots\" content=\"index, follow, max-snippet:-1, max-image-preview:large, max-video-preview:-1\" \/>\n<link rel=\"canonical\" href=\"https:\/\/perudental.com\/en\/dental-treatments\/maxillofacial-surgery\/periodontics\/\" \/>\n<meta property=\"og:locale\" content=\"es_ES\" \/>\n<meta property=\"og:type\" content=\"article\" \/>\n<meta property=\"og:title\" content=\"Specialized Periodontics in Lima - Per\u00fadental\" \/>\n<meta property=\"og:description\" content=\"Restore gum health with expert periodontic treatments. We provide deep cleanings, root planing, and gum care for optimal oral health.\" \/>\n<meta property=\"og:url\" content=\"https:\/\/perudental.com\/en\/dental-treatments\/maxillofacial-surgery\/periodontics\/\" \/>\n<meta property=\"og:site_name\" content=\"PeruDental nueva version\" \/>\n<meta property=\"article:modified_time\" content=\"2024-11-28T13:50:31+00:00\" \/>\n<meta property=\"og:image\" content=\"https:\/\/perudental.com\/en\/wp-content\/uploads\/2024\/02\/PERUDENTAL1406.jpg.webp\" \/>\n\t<meta property=\"og:image:width\" content=\"2500\" \/>\n\t<meta property=\"og:image:height\" content=\"1668\" \/>\n\t<meta property=\"og:image:type\" content=\"image\/webp\" \/>\n<meta name=\"twitter:card\" content=\"summary_large_image\" \/>\n<meta name=\"twitter:label1\" content=\"Est. reading time\" \/>\n\t<meta name=\"twitter:data1\" content=\"1 minuto\" \/>\n<script type=\"application\/ld+json\" class=\"yoast-schema-graph\">{\"@context\":\"https:\/\/schema.org\",\"@graph\":[{\"@type\":\"WebPage\",\"@id\":\"https:\/\/perudental.com\/en\/dental-treatments\/maxillofacial-surgery\/periodontics\/\",\"url\":\"https:\/\/perudental.com\/en\/dental-treatments\/maxillofacial-surgery\/periodontics\/\",\"name\":\"Specialized Periodontics in Lima - Per\u00fadental\",\"isPartOf\":{\"@id\":\"https:\/\/perudental.com\/en\/#website\"},\"primaryImageOfPage\":{\"@id\":\"https:\/\/perudental.com\/en\/dental-treatments\/maxillofacial-surgery\/periodontics\/#primaryimage\"},\"image\":{\"@id\":\"https:\/\/perudental.com\/en\/dental-treatments\/maxillofacial-surgery\/periodontics\/#primaryimage\"},\"thumbnailUrl\":\"https:\/\/perudental.com\/en\/wp-content\/uploads\/2024\/02\/PERUDENTAL1406.jpg.webp\",\"datePublished\":\"2024-02-05T00:59:19+00:00\",\"dateModified\":\"2024-11-28T13:50:31+00:00\",\"description\":\"Restore gum health with expert periodontic treatments. We provide deep cleanings, root planing, and gum care for optimal oral health.\",\"breadcrumb\":{\"@id\":\"https:\/\/perudental.com\/en\/dental-treatments\/maxillofacial-surgery\/periodontics\/#breadcrumb\"},\"inLanguage\":\"es-PE\",\"potentialAction\":[{\"@type\":\"ReadAction\",\"target\":[\"https:\/\/perudental.com\/en\/dental-treatments\/maxillofacial-surgery\/periodontics\/\"]}]},{\"@type\":\"ImageObject\",\"inLanguage\":\"es-PE\",\"@id\":\"https:\/\/perudental.com\/en\/dental-treatments\/maxillofacial-surgery\/periodontics\/#primaryimage\",\"url\":\"https:\/\/perudental.com\/en\/wp-content\/uploads\/2024\/02\/PERUDENTAL1406.jpg.webp\",\"contentUrl\":\"https:\/\/perudental.com\/en\/wp-content\/uploads\/2024\/02\/PERUDENTAL1406.jpg.webp\",\"width\":2500,\"height\":1668},{\"@type\":\"BreadcrumbList\",\"@id\":\"https:\/\/perudental.com\/en\/dental-treatments\/maxillofacial-surgery\/periodontics\/#breadcrumb\",\"itemListElement\":[{\"@type\":\"ListItem\",\"position\":1,\"name\":\"Treatments\",\"item\":\"https:\/\/perudental.com\/en\/dental-treatments\/\"},{\"@type\":\"ListItem\",\"position\":2,\"name\":\"Maxillofacial Surgery\",\"item\":\"https:\/\/perudental.com\/en\/dental-treatments\/maxillofacial-surgery\/\"},{\"@type\":\"ListItem\",\"position\":3,\"name\":\"Periodontics\"}]},{\"@type\":\"WebSite\",\"@id\":\"https:\/\/perudental.com\/en\/#website\",\"url\":\"https:\/\/perudental.com\/en\/\",\"name\":\"PeruDental nueva version\",\"description\":\"Especialistas en dise\u00f1o de Sonrisas con la tecnolog\u00eda m\u00e1s avanzada\",\"potentialAction\":[{\"@type\":\"SearchAction\",\"target\":{\"@type\":\"EntryPoint\",\"urlTemplate\":\"https:\/\/perudental.com\/en\/?s={search_term_string}\"},\"query-input\":{\"@type\":\"PropertyValueSpecification\",\"valueRequired\":true,\"valueName\":\"search_term_string\"}}],\"inLanguage\":\"es-PE\"}]}<\/script>\n<!-- \/ Yoast SEO plugin. -->","yoast_head_json":{"title":"Specialized Periodontics in Lima - Per\u00fadental","description":"Restore gum health with expert periodontic treatments. We provide deep cleanings, root planing, and gum care for optimal oral health.","robots":{"index":"index","follow":"follow","max-snippet":"max-snippet:-1","max-image-preview":"max-image-preview:large","max-video-preview":"max-video-preview:-1"},"canonical":"https:\/\/perudental.com\/en\/dental-treatments\/maxillofacial-surgery\/periodontics\/","og_locale":"es_ES","og_type":"article","og_title":"Specialized Periodontics in Lima - Per\u00fadental","og_description":"Restore gum health with expert periodontic treatments. We provide deep cleanings, root planing, and gum care for optimal oral health.","og_url":"https:\/\/perudental.com\/en\/dental-treatments\/maxillofacial-surgery\/periodontics\/","og_site_name":"PeruDental nueva version","article_modified_time":"2024-11-28T13:50:31+00:00","og_image":[{"width":2500,"height":1668,"url":"https:\/\/perudental.com\/en\/wp-content\/uploads\/2024\/02\/PERUDENTAL1406.jpg.webp","type":"image\/webp"}],"twitter_card":"summary_large_image","twitter_misc":{"Est. reading time":"1 minuto"},"schema":{"@context":"https:\/\/schema.org","@graph":[{"@type":"WebPage","@id":"https:\/\/perudental.com\/en\/dental-treatments\/maxillofacial-surgery\/periodontics\/","url":"https:\/\/perudental.com\/en\/dental-treatments\/maxillofacial-surgery\/periodontics\/","name":"Specialized Periodontics in Lima - Per\u00fadental","isPartOf":{"@id":"https:\/\/perudental.com\/en\/#website"},"primaryImageOfPage":{"@id":"https:\/\/perudental.com\/en\/dental-treatments\/maxillofacial-surgery\/periodontics\/#primaryimage"},"image":{"@id":"https:\/\/perudental.com\/en\/dental-treatments\/maxillofacial-surgery\/periodontics\/#primaryimage"},"thumbnailUrl":"https:\/\/perudental.com\/en\/wp-content\/uploads\/2024\/02\/PERUDENTAL1406.jpg.webp","datePublished":"2024-02-05T00:59:19+00:00","dateModified":"2024-11-28T13:50:31+00:00","description":"Restore gum health with expert periodontic treatments. We provide deep cleanings, root planing, and gum care for optimal oral health.","breadcrumb":{"@id":"https:\/\/perudental.com\/en\/dental-treatments\/maxillofacial-surgery\/periodontics\/#breadcrumb"},"inLanguage":"es-PE","potentialAction":[{"@type":"ReadAction","target":["https:\/\/perudental.com\/en\/dental-treatments\/maxillofacial-surgery\/periodontics\/"]}]},{"@type":"ImageObject","inLanguage":"es-PE","@id":"https:\/\/perudental.com\/en\/dental-treatments\/maxillofacial-surgery\/periodontics\/#primaryimage","url":"https:\/\/perudental.com\/en\/wp-content\/uploads\/2024\/02\/PERUDENTAL1406.jpg.webp","contentUrl":"https:\/\/perudental.com\/en\/wp-content\/uploads\/2024\/02\/PERUDENTAL1406.jpg.webp","width":2500,"height":1668},{"@type":"BreadcrumbList","@id":"https:\/\/perudental.com\/en\/dental-treatments\/maxillofacial-surgery\/periodontics\/#breadcrumb","itemListElement":[{"@type":"ListItem","position":1,"name":"Treatments","item":"https:\/\/perudental.com\/en\/dental-treatments\/"},{"@type":"ListItem","position":2,"name":"Maxillofacial Surgery","item":"https:\/\/perudental.com\/en\/dental-treatments\/maxillofacial-surgery\/"},{"@type":"ListItem","position":3,"name":"Periodontics"}]},{"@type":"WebSite","@id":"https:\/\/perudental.com\/en\/#website","url":"https:\/\/perudental.com\/en\/","name":"PeruDental nueva version","description":"Especialistas en dise\u00f1o de Sonrisas con la tecnolog\u00eda m\u00e1s avanzada","potentialAction":[{"@type":"SearchAction","target":{"@type":"EntryPoint","urlTemplate":"https:\/\/perudental.com\/en\/?s={search_term_string}"},"query-input":{"@type":"PropertyValueSpecification","valueRequired":true,"valueName":"search_term_string"}}],"inLanguage":"es-PE"}]}},"_links":{"self":[{"href":"https:\/\/perudental.com\/en\/wp-json\/wp\/v2\/pages\/350","targetHints":{"allow":["GET"]}}],"collection":[{"href":"https:\/\/perudental.com\/en\/wp-json\/wp\/v2\/pages"}],"about":[{"href":"https:\/\/perudental.com\/en\/wp-json\/wp\/v2\/types\/page"}],"author":[{"embeddable":true,"href":"https:\/\/perudental.com\/en\/wp-json\/wp\/v2\/users\/1"}],"replies":[{"embeddable":true,"href":"https:\/\/perudental.com\/en\/wp-json\/wp\/v2\/comments?post=350"}],"version-history":[{"count":2,"href":"https:\/\/perudental.com\/en\/wp-json\/wp\/v2\/pages\/350\/revisions"}],"predecessor-version":[{"id":638,"href":"https:\/\/perudental.com\/en\/wp-json\/wp\/v2\/pages\/350\/revisions\/638"}],"up":[{"embeddable":true,"href":"https:\/\/perudental.com\/en\/wp-json\/wp\/v2\/pages\/78"}],"wp:featuredmedia":[{"embeddable":true,"href":"https:\/\/perudental.com\/en\/wp-json\/wp\/v2\/media\/359"}],"wp:attachment":[{"href":"https:\/\/perudental.com\/en\/wp-json\/wp\/v2\/media?parent=350"}],"curies":[{"name":"wp","href":"https:\/\/api.w.org\/{rel}","templated":true}]}}