{"id":461,"date":"2024-02-08T15:13:36","date_gmt":"2024-02-08T20:13:36","guid":{"rendered":"https:\/\/perudental.com\/en\/?page_id=461"},"modified":"2024-12-02T09:29:57","modified_gmt":"2024-12-02T14:29:57","slug":"orthognathic-maxillofacial-surgery","status":"publish","type":"page","link":"https:\/\/perudental.com\/en\/dental-treatments\/maxillofacial-surgery\/orthognathic-maxillofacial-surgery\/","title":{"rendered":"Orthognathic Maxillofacial Surgery"},"content":{"rendered":"","protected":false},"excerpt":{"rendered":"","protected":false},"author":1,"featured_media":651,"parent":78,"menu_order":0,"comment_status":"closed","ping_status":"closed","template":"tmp_subCategoria_maxilofacial.php","meta":{"footnotes":""},"class_list":["post-461","page","type-page","status-publish","has-post-thumbnail","hentry"],"yoast_head":"<!-- This site is optimized with the Yoast SEO plugin v23.6 - https:\/\/yoast.com\/wordpress\/plugins\/seo\/ -->\n<title>Orthognathic Maxillofacial Surgery | Perudental<\/title>\n<meta name=\"description\" content=\"Orthognathic maxillofacial surgery in Lima is aimed at aligning the jaws using ortodontics and surgery for optimal results.\" \/>\n<meta name=\"robots\" content=\"index, follow, max-snippet:-1, max-image-preview:large, max-video-preview:-1\" \/>\n<link rel=\"canonical\" href=\"https:\/\/perudental.com\/en\/dental-treatments\/maxillofacial-surgery\/orthognathic-maxillofacial-surgery\/\" \/>\n<meta property=\"og:locale\" content=\"es_ES\" \/>\n<meta property=\"og:type\" content=\"article\" \/>\n<meta property=\"og:title\" content=\"Orthognathic Maxillofacial Surgery | Perudental\" \/>\n<meta property=\"og:description\" content=\"Orthognathic maxillofacial surgery in Lima is aimed at aligning the jaws using ortodontics and surgery for optimal results.\" \/>\n<meta property=\"og:url\" content=\"https:\/\/perudental.com\/en\/dental-treatments\/maxillofacial-surgery\/orthognathic-maxillofacial-surgery\/\" \/>\n<meta property=\"og:site_name\" content=\"PeruDental nueva version\" \/>\n<meta property=\"article:modified_time\" content=\"2024-12-02T14:29:57+00:00\" \/>\n<meta property=\"og:image\" content=\"https:\/\/perudental.com\/en\/wp-content\/uploads\/2024\/11\/Tomo-diagnostics-small.jpg\" \/>\n\t<meta property=\"og:image:width\" content=\"450\" \/>\n\t<meta property=\"og:image:height\" content=\"300\" \/>\n\t<meta property=\"og:image:type\" content=\"image\/jpeg\" \/>\n<meta name=\"twitter:card\" content=\"summary_large_image\" \/>\n<script type=\"application\/ld+json\" class=\"yoast-schema-graph\">{\"@context\":\"https:\/\/schema.org\",\"@graph\":[{\"@type\":\"WebPage\",\"@id\":\"https:\/\/perudental.com\/en\/dental-treatments\/maxillofacial-surgery\/orthognathic-maxillofacial-surgery\/\",\"url\":\"https:\/\/perudental.com\/en\/dental-treatments\/maxillofacial-surgery\/orthognathic-maxillofacial-surgery\/\",\"name\":\"Orthognathic Maxillofacial Surgery | Perudental\",\"isPartOf\":{\"@id\":\"https:\/\/perudental.com\/en\/#website\"},\"primaryImageOfPage\":{\"@id\":\"https:\/\/perudental.com\/en\/dental-treatments\/maxillofacial-surgery\/orthognathic-maxillofacial-surgery\/#primaryimage\"},\"image\":{\"@id\":\"https:\/\/perudental.com\/en\/dental-treatments\/maxillofacial-surgery\/orthognathic-maxillofacial-surgery\/#primaryimage\"},\"thumbnailUrl\":\"https:\/\/perudental.com\/en\/wp-content\/uploads\/2024\/11\/Tomo-diagnostics-small.jpg\",\"datePublished\":\"2024-02-08T20:13:36+00:00\",\"dateModified\":\"2024-12-02T14:29:57+00:00\",\"description\":\"Orthognathic maxillofacial surgery in Lima is aimed at aligning the jaws using ortodontics and surgery for optimal results.\",\"breadcrumb\":{\"@id\":\"https:\/\/perudental.com\/en\/dental-treatments\/maxillofacial-surgery\/orthognathic-maxillofacial-surgery\/#breadcrumb\"},\"inLanguage\":\"es-PE\",\"potentialAction\":[{\"@type\":\"ReadAction\",\"target\":[\"https:\/\/perudental.com\/en\/dental-treatments\/maxillofacial-surgery\/orthognathic-maxillofacial-surgery\/\"]}]},{\"@type\":\"ImageObject\",\"inLanguage\":\"es-PE\",\"@id\":\"https:\/\/perudental.com\/en\/dental-treatments\/maxillofacial-surgery\/orthognathic-maxillofacial-surgery\/#primaryimage\",\"url\":\"https:\/\/perudental.com\/en\/wp-content\/uploads\/2024\/11\/Tomo-diagnostics-small.jpg\",\"contentUrl\":\"https:\/\/perudental.com\/en\/wp-content\/uploads\/2024\/11\/Tomo-diagnostics-small.jpg\",\"width\":450,\"height\":300,\"caption\":\"Dental Implant\"},{\"@type\":\"BreadcrumbList\",\"@id\":\"https:\/\/perudental.com\/en\/dental-treatments\/maxillofacial-surgery\/orthognathic-maxillofacial-surgery\/#breadcrumb\",\"itemListElement\":[{\"@type\":\"ListItem\",\"position\":1,\"name\":\"Treatments\",\"item\":\"https:\/\/perudental.com\/en\/dental-treatments\/\"},{\"@type\":\"ListItem\",\"position\":2,\"name\":\"Maxillofacial Surgery\",\"item\":\"https:\/\/perudental.com\/en\/dental-treatments\/maxillofacial-surgery\/\"},{\"@type\":\"ListItem\",\"position\":3,\"name\":\"Orthognathic Maxillofacial Surgery\"}]},{\"@type\":\"WebSite\",\"@id\":\"https:\/\/perudental.com\/en\/#website\",\"url\":\"https:\/\/perudental.com\/en\/\",\"name\":\"PeruDental nueva version\",\"description\":\"Especialistas en dise\u00f1o de Sonrisas con la tecnolog\u00eda m\u00e1s avanzada\",\"potentialAction\":[{\"@type\":\"SearchAction\",\"target\":{\"@type\":\"EntryPoint\",\"urlTemplate\":\"https:\/\/perudental.com\/en\/?s={search_term_string}\"},\"query-input\":{\"@type\":\"PropertyValueSpecification\",\"valueRequired\":true,\"valueName\":\"search_term_string\"}}],\"inLanguage\":\"es-PE\"}]}<\/script>\n<!-- \/ Yoast SEO plugin. -->","yoast_head_json":{"title":"Orthognathic Maxillofacial Surgery | Perudental","description":"Orthognathic maxillofacial surgery in Lima is aimed at aligning the jaws using ortodontics and surgery for optimal results.","robots":{"index":"index","follow":"follow","max-snippet":"max-snippet:-1","max-image-preview":"max-image-preview:large","max-video-preview":"max-video-preview:-1"},"canonical":"https:\/\/perudental.com\/en\/dental-treatments\/maxillofacial-surgery\/orthognathic-maxillofacial-surgery\/","og_locale":"es_ES","og_type":"article","og_title":"Orthognathic Maxillofacial Surgery | Perudental","og_description":"Orthognathic maxillofacial surgery in Lima is aimed at aligning the jaws using ortodontics and surgery for optimal results.","og_url":"https:\/\/perudental.com\/en\/dental-treatments\/maxillofacial-surgery\/orthognathic-maxillofacial-surgery\/","og_site_name":"PeruDental nueva version","article_modified_time":"2024-12-02T14:29:57+00:00","og_image":[{"width":450,"height":300,"url":"https:\/\/perudental.com\/en\/wp-content\/uploads\/2024\/11\/Tomo-diagnostics-small.jpg","type":"image\/jpeg"}],"twitter_card":"summary_large_image","schema":{"@context":"https:\/\/schema.org","@graph":[{"@type":"WebPage","@id":"https:\/\/perudental.com\/en\/dental-treatments\/maxillofacial-surgery\/orthognathic-maxillofacial-surgery\/","url":"https:\/\/perudental.com\/en\/dental-treatments\/maxillofacial-surgery\/orthognathic-maxillofacial-surgery\/","name":"Orthognathic Maxillofacial Surgery | Perudental","isPartOf":{"@id":"https:\/\/perudental.com\/en\/#website"},"primaryImageOfPage":{"@id":"https:\/\/perudental.com\/en\/dental-treatments\/maxillofacial-surgery\/orthognathic-maxillofacial-surgery\/#primaryimage"},"image":{"@id":"https:\/\/perudental.com\/en\/dental-treatments\/maxillofacial-surgery\/orthognathic-maxillofacial-surgery\/#primaryimage"},"thumbnailUrl":"https:\/\/perudental.com\/en\/wp-content\/uploads\/2024\/11\/Tomo-diagnostics-small.jpg","datePublished":"2024-02-08T20:13:36+00:00","dateModified":"2024-12-02T14:29:57+00:00","description":"Orthognathic maxillofacial surgery in Lima is aimed at aligning the jaws using ortodontics and surgery for optimal results.","breadcrumb":{"@id":"https:\/\/perudental.com\/en\/dental-treatments\/maxillofacial-surgery\/orthognathic-maxillofacial-surgery\/#breadcrumb"},"inLanguage":"es-PE","potentialAction":[{"@type":"ReadAction","target":["https:\/\/perudental.com\/en\/dental-treatments\/maxillofacial-surgery\/orthognathic-maxillofacial-surgery\/"]}]},{"@type":"ImageObject","inLanguage":"es-PE","@id":"https:\/\/perudental.com\/en\/dental-treatments\/maxillofacial-surgery\/orthognathic-maxillofacial-surgery\/#primaryimage","url":"https:\/\/perudental.com\/en\/wp-content\/uploads\/2024\/11\/Tomo-diagnostics-small.jpg","contentUrl":"https:\/\/perudental.com\/en\/wp-content\/uploads\/2024\/11\/Tomo-diagnostics-small.jpg","width":450,"height":300,"caption":"Dental Implant"},{"@type":"BreadcrumbList","@id":"https:\/\/perudental.com\/en\/dental-treatments\/maxillofacial-surgery\/orthognathic-maxillofacial-surgery\/#breadcrumb","itemListElement":[{"@type":"ListItem","position":1,"name":"Treatments","item":"https:\/\/perudental.com\/en\/dental-treatments\/"},{"@type":"ListItem","position":2,"name":"Maxillofacial Surgery","item":"https:\/\/perudental.com\/en\/dental-treatments\/maxillofacial-surgery\/"},{"@type":"ListItem","position":3,"name":"Orthognathic Maxillofacial Surgery"}]},{"@type":"WebSite","@id":"https:\/\/perudental.com\/en\/#website","url":"https:\/\/perudental.com\/en\/","name":"PeruDental nueva version","description":"Especialistas en dise\u00f1o de Sonrisas con la tecnolog\u00eda m\u00e1s avanzada","potentialAction":[{"@type":"SearchAction","target":{"@type":"EntryPoint","urlTemplate":"https:\/\/perudental.com\/en\/?s={search_term_string}"},"query-input":{"@type":"PropertyValueSpecification","valueRequired":true,"valueName":"search_term_string"}}],"inLanguage":"es-PE"}]}},"_links":{"self":[{"href":"https:\/\/perudental.com\/en\/wp-json\/wp\/v2\/pages\/461","targetHints":{"allow":["GET"]}}],"collection":[{"href":"https:\/\/perudental.com\/en\/wp-json\/wp\/v2\/pages"}],"about":[{"href":"https:\/\/perudental.com\/en\/wp-json\/wp\/v2\/types\/page"}],"author":[{"embeddable":true,"href":"https:\/\/perudental.com\/en\/wp-json\/wp\/v2\/users\/1"}],"replies":[{"embeddable":true,"href":"https:\/\/perudental.com\/en\/wp-json\/wp\/v2\/comments?post=461"}],"version-history":[{"count":3,"href":"https:\/\/perudental.com\/en\/wp-json\/wp\/v2\/pages\/461\/revisions"}],"predecessor-version":[{"id":597,"href":"https:\/\/perudental.com\/en\/wp-json\/wp\/v2\/pages\/461\/revisions\/597"}],"up":[{"embeddable":true,"href":"https:\/\/perudental.com\/en\/wp-json\/wp\/v2\/pages\/78"}],"wp:featuredmedia":[{"embeddable":true,"href":"https:\/\/perudental.com\/en\/wp-json\/wp\/v2\/media\/651"}],"wp:attachment":[{"href":"https:\/\/perudental.com\/en\/wp-json\/wp\/v2\/media?parent=461"}],"curies":[{"name":"wp","href":"https:\/\/api.w.org\/{rel}","templated":true}]}}