{"id":501,"date":"2024-03-08T10:58:23","date_gmt":"2024-03-08T15:58:23","guid":{"rendered":"https:\/\/perudental.com\/en\/?page_id=501"},"modified":"2024-04-05T16:34:11","modified_gmt":"2024-04-05T21:34:11","slug":"notices-and-articles","status":"publish","type":"page","link":"https:\/\/perudental.com\/en\/notices-and-articles\/","title":{"rendered":"Notices"},"content":{"rendered":"","protected":false},"excerpt":{"rendered":"","protected":false},"author":1,"featured_media":0,"parent":0,"menu_order":12,"comment_status":"closed","ping_status":"closed","template":"tmp_blog.php","meta":{"footnotes":""},"class_list":["post-501","page","type-page","status-publish","hentry"],"yoast_head":"<!-- This site is optimized with the Yoast SEO plugin v23.6 - https:\/\/yoast.com\/wordpress\/plugins\/seo\/ -->\n<title>Articles and Notices - Per\u00fa Dental<\/title>\n<meta name=\"robots\" content=\"index, follow, max-snippet:-1, max-image-preview:large, max-video-preview:-1\" \/>\n<link rel=\"canonical\" href=\"https:\/\/perudental.com\/en\/notices-and-articles\/\" \/>\n<meta property=\"og:locale\" content=\"es_ES\" \/>\n<meta property=\"og:type\" content=\"article\" \/>\n<meta property=\"og:title\" content=\"Articles and Notices - Per\u00fa Dental\" \/>\n<meta property=\"og:url\" content=\"https:\/\/perudental.com\/en\/notices-and-articles\/\" \/>\n<meta property=\"og:site_name\" content=\"PeruDental nueva version\" \/>\n<meta property=\"article:modified_time\" content=\"2024-04-05T21:34:11+00:00\" \/>\n<meta name=\"twitter:card\" content=\"summary_large_image\" \/>\n<script type=\"application\/ld+json\" class=\"yoast-schema-graph\">{\"@context\":\"https:\/\/schema.org\",\"@graph\":[{\"@type\":\"WebPage\",\"@id\":\"https:\/\/perudental.com\/en\/notices-and-articles\/\",\"url\":\"https:\/\/perudental.com\/en\/notices-and-articles\/\",\"name\":\"Articles and Notices - Per\u00fa Dental\",\"isPartOf\":{\"@id\":\"https:\/\/perudental.com\/en\/#website\"},\"datePublished\":\"2024-03-08T15:58:23+00:00\",\"dateModified\":\"2024-04-05T21:34:11+00:00\",\"inLanguage\":\"es-PE\",\"potentialAction\":[{\"@type\":\"ReadAction\",\"target\":[\"https:\/\/perudental.com\/en\/notices-and-articles\/\"]}]},{\"@type\":\"WebSite\",\"@id\":\"https:\/\/perudental.com\/en\/#website\",\"url\":\"https:\/\/perudental.com\/en\/\",\"name\":\"PeruDental nueva version\",\"description\":\"Especialistas en dise\u00f1o de Sonrisas con la tecnolog\u00eda m\u00e1s avanzada\",\"potentialAction\":[{\"@type\":\"SearchAction\",\"target\":{\"@type\":\"EntryPoint\",\"urlTemplate\":\"https:\/\/perudental.com\/en\/?s={search_term_string}\"},\"query-input\":{\"@type\":\"PropertyValueSpecification\",\"valueRequired\":true,\"valueName\":\"search_term_string\"}}],\"inLanguage\":\"es-PE\"}]}<\/script>\n<!-- \/ Yoast SEO plugin. -->","yoast_head_json":{"title":"Articles and Notices - Per\u00fa Dental","robots":{"index":"index","follow":"follow","max-snippet":"max-snippet:-1","max-image-preview":"max-image-preview:large","max-video-preview":"max-video-preview:-1"},"canonical":"https:\/\/perudental.com\/en\/notices-and-articles\/","og_locale":"es_ES","og_type":"article","og_title":"Articles and Notices - Per\u00fa Dental","og_url":"https:\/\/perudental.com\/en\/notices-and-articles\/","og_site_name":"PeruDental nueva version","article_modified_time":"2024-04-05T21:34:11+00:00","twitter_card":"summary_large_image","schema":{"@context":"https:\/\/schema.org","@graph":[{"@type":"WebPage","@id":"https:\/\/perudental.com\/en\/notices-and-articles\/","url":"https:\/\/perudental.com\/en\/notices-and-articles\/","name":"Articles and Notices - Per\u00fa Dental","isPartOf":{"@id":"https:\/\/perudental.com\/en\/#website"},"datePublished":"2024-03-08T15:58:23+00:00","dateModified":"2024-04-05T21:34:11+00:00","inLanguage":"es-PE","potentialAction":[{"@type":"ReadAction","target":["https:\/\/perudental.com\/en\/notices-and-articles\/"]}]},{"@type":"WebSite","@id":"https:\/\/perudental.com\/en\/#website","url":"https:\/\/perudental.com\/en\/","name":"PeruDental nueva version","description":"Especialistas en dise\u00f1o de Sonrisas con la tecnolog\u00eda m\u00e1s avanzada","potentialAction":[{"@type":"SearchAction","target":{"@type":"EntryPoint","urlTemplate":"https:\/\/perudental.com\/en\/?s={search_term_string}"},"query-input":{"@type":"PropertyValueSpecification","valueRequired":true,"valueName":"search_term_string"}}],"inLanguage":"es-PE"}]}},"_links":{"self":[{"href":"https:\/\/perudental.com\/en\/wp-json\/wp\/v2\/pages\/501","targetHints":{"allow":["GET"]}}],"collection":[{"href":"https:\/\/perudental.com\/en\/wp-json\/wp\/v2\/pages"}],"about":[{"href":"https:\/\/perudental.com\/en\/wp-json\/wp\/v2\/types\/page"}],"author":[{"embeddable":true,"href":"https:\/\/perudental.com\/en\/wp-json\/wp\/v2\/users\/1"}],"replies":[{"embeddable":true,"href":"https:\/\/perudental.com\/en\/wp-json\/wp\/v2\/comments?post=501"}],"version-history":[{"count":3,"href":"https:\/\/perudental.com\/en\/wp-json\/wp\/v2\/pages\/501\/revisions"}],"predecessor-version":[{"id":601,"href":"https:\/\/perudental.com\/en\/wp-json\/wp\/v2\/pages\/501\/revisions\/601"}],"wp:attachment":[{"href":"https:\/\/perudental.com\/en\/wp-json\/wp\/v2\/media?parent=501"}],"curies":[{"name":"wp","href":"https:\/\/api.w.org\/{rel}","templated":true}]}}