{"id":72,"date":"2024-01-16T09:58:26","date_gmt":"2024-01-16T14:58:26","guid":{"rendered":"https:\/\/perudental.com\/en\/?page_id=72"},"modified":"2024-11-21T08:23:04","modified_gmt":"2024-11-21T13:23:04","slug":"dental-implants","status":"publish","type":"page","link":"https:\/\/perudental.com\/en\/dental-treatments\/dental-implants\/","title":{"rendered":"Dental implants"},"content":{"rendered":"","protected":false},"excerpt":{"rendered":"","protected":false},"author":1,"featured_media":548,"parent":65,"menu_order":3,"comment_status":"closed","ping_status":"closed","template":"tmp_subCategoria_implantes.php","meta":{"footnotes":""},"class_list":["post-72","page","type-page","status-publish","has-post-thumbnail","hentry"],"yoast_head":"<!-- This site is optimized with the Yoast SEO plugin v23.6 - https:\/\/yoast.com\/wordpress\/plugins\/seo\/ -->\n<title>Dental Implants in Lima using 3D Planning | Perudental<\/title>\n<meta name=\"description\" content=\"Dental implants in Lima with advanced 3D planning at Perudental ensures optimal results and a perfect fit for your smile. Contact us!\" \/>\n<meta name=\"robots\" content=\"index, follow, max-snippet:-1, max-image-preview:large, max-video-preview:-1\" \/>\n<link rel=\"canonical\" href=\"https:\/\/perudental.com\/en\/dental-treatments\/dental-implants\/\" \/>\n<meta property=\"og:locale\" content=\"es_ES\" \/>\n<meta property=\"og:type\" content=\"article\" \/>\n<meta property=\"og:title\" content=\"Dental Implants in Lima using 3D Planning | Perudental\" \/>\n<meta property=\"og:description\" content=\"Dental implants in Lima with advanced 3D planning at Perudental ensures optimal results and a perfect fit for your smile. Contact us!\" \/>\n<meta property=\"og:url\" content=\"https:\/\/perudental.com\/en\/dental-treatments\/dental-implants\/\" \/>\n<meta property=\"og:site_name\" content=\"PeruDental nueva version\" \/>\n<meta property=\"article:modified_time\" content=\"2024-11-21T13:23:04+00:00\" \/>\n<meta property=\"og:image\" content=\"https:\/\/perudental.com\/en\/wp-content\/uploads\/2024\/03\/PERUDENTAL2396.jpg.jpg\" \/>\n\t<meta property=\"og:image:width\" content=\"1250\" \/>\n\t<meta property=\"og:image:height\" content=\"834\" \/>\n\t<meta property=\"og:image:type\" content=\"image\/jpeg\" \/>\n<meta name=\"twitter:card\" content=\"summary_large_image\" \/>\n<meta name=\"twitter:label1\" content=\"Est. reading time\" \/>\n\t<meta name=\"twitter:data1\" content=\"1 minuto\" \/>\n<script type=\"application\/ld+json\" class=\"yoast-schema-graph\">{\"@context\":\"https:\/\/schema.org\",\"@graph\":[{\"@type\":\"WebPage\",\"@id\":\"https:\/\/perudental.com\/en\/dental-treatments\/dental-implants\/\",\"url\":\"https:\/\/perudental.com\/en\/dental-treatments\/dental-implants\/\",\"name\":\"Dental Implants in Lima using 3D Planning | Perudental\",\"isPartOf\":{\"@id\":\"https:\/\/perudental.com\/en\/#website\"},\"primaryImageOfPage\":{\"@id\":\"https:\/\/perudental.com\/en\/dental-treatments\/dental-implants\/#primaryimage\"},\"image\":{\"@id\":\"https:\/\/perudental.com\/en\/dental-treatments\/dental-implants\/#primaryimage\"},\"thumbnailUrl\":\"https:\/\/perudental.com\/en\/wp-content\/uploads\/2024\/03\/PERUDENTAL2396.jpg.jpg\",\"datePublished\":\"2024-01-16T14:58:26+00:00\",\"dateModified\":\"2024-11-21T13:23:04+00:00\",\"description\":\"Dental implants in Lima with advanced 3D planning at Perudental ensures optimal results and a perfect fit for your smile. Contact us!\",\"breadcrumb\":{\"@id\":\"https:\/\/perudental.com\/en\/dental-treatments\/dental-implants\/#breadcrumb\"},\"inLanguage\":\"es-PE\",\"potentialAction\":[{\"@type\":\"ReadAction\",\"target\":[\"https:\/\/perudental.com\/en\/dental-treatments\/dental-implants\/\"]}]},{\"@type\":\"ImageObject\",\"inLanguage\":\"es-PE\",\"@id\":\"https:\/\/perudental.com\/en\/dental-treatments\/dental-implants\/#primaryimage\",\"url\":\"https:\/\/perudental.com\/en\/wp-content\/uploads\/2024\/03\/PERUDENTAL2396.jpg.jpg\",\"contentUrl\":\"https:\/\/perudental.com\/en\/wp-content\/uploads\/2024\/03\/PERUDENTAL2396.jpg.jpg\",\"width\":1250,\"height\":834,\"caption\":\"endodontics in Lima\"},{\"@type\":\"BreadcrumbList\",\"@id\":\"https:\/\/perudental.com\/en\/dental-treatments\/dental-implants\/#breadcrumb\",\"itemListElement\":[{\"@type\":\"ListItem\",\"position\":1,\"name\":\"Treatments\",\"item\":\"https:\/\/perudental.com\/en\/dental-treatments\/\"},{\"@type\":\"ListItem\",\"position\":2,\"name\":\"Dental implants\"}]},{\"@type\":\"WebSite\",\"@id\":\"https:\/\/perudental.com\/en\/#website\",\"url\":\"https:\/\/perudental.com\/en\/\",\"name\":\"PeruDental nueva version\",\"description\":\"Especialistas en dise\u00f1o de Sonrisas con la tecnolog\u00eda m\u00e1s avanzada\",\"potentialAction\":[{\"@type\":\"SearchAction\",\"target\":{\"@type\":\"EntryPoint\",\"urlTemplate\":\"https:\/\/perudental.com\/en\/?s={search_term_string}\"},\"query-input\":{\"@type\":\"PropertyValueSpecification\",\"valueRequired\":true,\"valueName\":\"search_term_string\"}}],\"inLanguage\":\"es-PE\"}]}<\/script>\n<!-- \/ Yoast SEO plugin. -->","yoast_head_json":{"title":"Dental Implants in Lima using 3D Planning | Perudental","description":"Dental implants in Lima with advanced 3D planning at Perudental ensures optimal results and a perfect fit for your smile. Contact us!","robots":{"index":"index","follow":"follow","max-snippet":"max-snippet:-1","max-image-preview":"max-image-preview:large","max-video-preview":"max-video-preview:-1"},"canonical":"https:\/\/perudental.com\/en\/dental-treatments\/dental-implants\/","og_locale":"es_ES","og_type":"article","og_title":"Dental Implants in Lima using 3D Planning | Perudental","og_description":"Dental implants in Lima with advanced 3D planning at Perudental ensures optimal results and a perfect fit for your smile. Contact us!","og_url":"https:\/\/perudental.com\/en\/dental-treatments\/dental-implants\/","og_site_name":"PeruDental nueva version","article_modified_time":"2024-11-21T13:23:04+00:00","og_image":[{"width":1250,"height":834,"url":"https:\/\/perudental.com\/en\/wp-content\/uploads\/2024\/03\/PERUDENTAL2396.jpg.jpg","type":"image\/jpeg"}],"twitter_card":"summary_large_image","twitter_misc":{"Est. reading time":"1 minuto"},"schema":{"@context":"https:\/\/schema.org","@graph":[{"@type":"WebPage","@id":"https:\/\/perudental.com\/en\/dental-treatments\/dental-implants\/","url":"https:\/\/perudental.com\/en\/dental-treatments\/dental-implants\/","name":"Dental Implants in Lima using 3D Planning | Perudental","isPartOf":{"@id":"https:\/\/perudental.com\/en\/#website"},"primaryImageOfPage":{"@id":"https:\/\/perudental.com\/en\/dental-treatments\/dental-implants\/#primaryimage"},"image":{"@id":"https:\/\/perudental.com\/en\/dental-treatments\/dental-implants\/#primaryimage"},"thumbnailUrl":"https:\/\/perudental.com\/en\/wp-content\/uploads\/2024\/03\/PERUDENTAL2396.jpg.jpg","datePublished":"2024-01-16T14:58:26+00:00","dateModified":"2024-11-21T13:23:04+00:00","description":"Dental implants in Lima with advanced 3D planning at Perudental ensures optimal results and a perfect fit for your smile. Contact us!","breadcrumb":{"@id":"https:\/\/perudental.com\/en\/dental-treatments\/dental-implants\/#breadcrumb"},"inLanguage":"es-PE","potentialAction":[{"@type":"ReadAction","target":["https:\/\/perudental.com\/en\/dental-treatments\/dental-implants\/"]}]},{"@type":"ImageObject","inLanguage":"es-PE","@id":"https:\/\/perudental.com\/en\/dental-treatments\/dental-implants\/#primaryimage","url":"https:\/\/perudental.com\/en\/wp-content\/uploads\/2024\/03\/PERUDENTAL2396.jpg.jpg","contentUrl":"https:\/\/perudental.com\/en\/wp-content\/uploads\/2024\/03\/PERUDENTAL2396.jpg.jpg","width":1250,"height":834,"caption":"endodontics in Lima"},{"@type":"BreadcrumbList","@id":"https:\/\/perudental.com\/en\/dental-treatments\/dental-implants\/#breadcrumb","itemListElement":[{"@type":"ListItem","position":1,"name":"Treatments","item":"https:\/\/perudental.com\/en\/dental-treatments\/"},{"@type":"ListItem","position":2,"name":"Dental implants"}]},{"@type":"WebSite","@id":"https:\/\/perudental.com\/en\/#website","url":"https:\/\/perudental.com\/en\/","name":"PeruDental nueva version","description":"Especialistas en dise\u00f1o de Sonrisas con la tecnolog\u00eda m\u00e1s avanzada","potentialAction":[{"@type":"SearchAction","target":{"@type":"EntryPoint","urlTemplate":"https:\/\/perudental.com\/en\/?s={search_term_string}"},"query-input":{"@type":"PropertyValueSpecification","valueRequired":true,"valueName":"search_term_string"}}],"inLanguage":"es-PE"}]}},"_links":{"self":[{"href":"https:\/\/perudental.com\/en\/wp-json\/wp\/v2\/pages\/72","targetHints":{"allow":["GET"]}}],"collection":[{"href":"https:\/\/perudental.com\/en\/wp-json\/wp\/v2\/pages"}],"about":[{"href":"https:\/\/perudental.com\/en\/wp-json\/wp\/v2\/types\/page"}],"author":[{"embeddable":true,"href":"https:\/\/perudental.com\/en\/wp-json\/wp\/v2\/users\/1"}],"replies":[{"embeddable":true,"href":"https:\/\/perudental.com\/en\/wp-json\/wp\/v2\/comments?post=72"}],"version-history":[{"count":3,"href":"https:\/\/perudental.com\/en\/wp-json\/wp\/v2\/pages\/72\/revisions"}],"predecessor-version":[{"id":580,"href":"https:\/\/perudental.com\/en\/wp-json\/wp\/v2\/pages\/72\/revisions\/580"}],"up":[{"embeddable":true,"href":"https:\/\/perudental.com\/en\/wp-json\/wp\/v2\/pages\/65"}],"wp:featuredmedia":[{"embeddable":true,"href":"https:\/\/perudental.com\/en\/wp-json\/wp\/v2\/media\/548"}],"wp:attachment":[{"href":"https:\/\/perudental.com\/en\/wp-json\/wp\/v2\/media?parent=72"}],"curies":[{"name":"wp","href":"https:\/\/api.w.org\/{rel}","templated":true}]}}