{"id":8,"date":"2024-01-15T19:50:47","date_gmt":"2024-01-16T00:50:47","guid":{"rendered":"https:\/\/perudental.com\/en\/?page_id=8"},"modified":"2025-02-18T09:46:46","modified_gmt":"2025-02-18T14:46:46","slug":"inicio","status":"publish","type":"page","link":"https:\/\/perudental.com\/en\/","title":{"rendered":"Inicio"},"content":{"rendered":"","protected":false},"excerpt":{"rendered":"","protected":false},"author":1,"featured_media":0,"parent":0,"menu_order":0,"comment_status":"closed","ping_status":"closed","template":"index.php","meta":{"footnotes":""},"class_list":["post-8","page","type-page","status-publish","hentry"],"yoast_head":"<!-- This site is optimized with the Yoast SEO plugin v23.6 - https:\/\/yoast.com\/wordpress\/plugins\/seo\/ -->\n<title>PeruDental - Advanced Dental Care in Lima, Peru | Smile Design<\/title>\n<meta name=\"description\" content=\"Advanced dental care at Perudental in Lima, Peru. Our team of specialists offer personalized treatments using advanced technology.\" \/>\n<meta name=\"robots\" content=\"index, follow, max-snippet:-1, max-image-preview:large, max-video-preview:-1\" \/>\n<link rel=\"canonical\" href=\"https:\/\/perudental.com\/en\/\" \/>\n<meta property=\"og:locale\" content=\"es_ES\" \/>\n<meta property=\"og:type\" content=\"article\" \/>\n<meta property=\"og:title\" content=\"PeruDental - Advanced Dental Care in Lima, Peru | Smile Design\" \/>\n<meta property=\"og:description\" content=\"Advanced dental care at Perudental in Lima, Peru. Our team of specialists offer personalized treatments using advanced technology.\" \/>\n<meta property=\"og:url\" content=\"https:\/\/perudental.com\/en\/\" \/>\n<meta property=\"og:site_name\" content=\"PeruDental nueva version\" \/>\n<meta property=\"article:modified_time\" content=\"2025-02-18T14:46:46+00:00\" \/>\n<meta name=\"twitter:card\" content=\"summary_large_image\" \/>\n<script type=\"application\/ld+json\" class=\"yoast-schema-graph\">{\"@context\":\"https:\/\/schema.org\",\"@graph\":[{\"@type\":\"WebPage\",\"@id\":\"https:\/\/perudental.com\/en\/\",\"url\":\"https:\/\/perudental.com\/en\/\",\"name\":\"PeruDental - Advanced Dental Care in Lima, Peru | Smile Design\",\"isPartOf\":{\"@id\":\"https:\/\/perudental.com\/en\/#website\"},\"datePublished\":\"2024-01-16T00:50:47+00:00\",\"dateModified\":\"2025-02-18T14:46:46+00:00\",\"description\":\"Advanced dental care at Perudental in Lima, Peru. Our team of specialists offer personalized treatments using advanced technology.\",\"inLanguage\":\"es-PE\",\"potentialAction\":[{\"@type\":\"ReadAction\",\"target\":[\"https:\/\/perudental.com\/en\/\"]}]},{\"@type\":\"WebSite\",\"@id\":\"https:\/\/perudental.com\/en\/#website\",\"url\":\"https:\/\/perudental.com\/en\/\",\"name\":\"PeruDental nueva version\",\"description\":\"Especialistas en dise\u00f1o de Sonrisas con la tecnolog\u00eda m\u00e1s avanzada\",\"potentialAction\":[{\"@type\":\"SearchAction\",\"target\":{\"@type\":\"EntryPoint\",\"urlTemplate\":\"https:\/\/perudental.com\/en\/?s={search_term_string}\"},\"query-input\":{\"@type\":\"PropertyValueSpecification\",\"valueRequired\":true,\"valueName\":\"search_term_string\"}}],\"inLanguage\":\"es-PE\"}]}<\/script>\n<!-- \/ Yoast SEO plugin. -->","yoast_head_json":{"title":"PeruDental - Advanced Dental Care in Lima, Peru | Smile Design","description":"Advanced dental care at Perudental in Lima, Peru. Our team of specialists offer personalized treatments using advanced technology.","robots":{"index":"index","follow":"follow","max-snippet":"max-snippet:-1","max-image-preview":"max-image-preview:large","max-video-preview":"max-video-preview:-1"},"canonical":"https:\/\/perudental.com\/en\/","og_locale":"es_ES","og_type":"article","og_title":"PeruDental - Advanced Dental Care in Lima, Peru | Smile Design","og_description":"Advanced dental care at Perudental in Lima, Peru. Our team of specialists offer personalized treatments using advanced technology.","og_url":"https:\/\/perudental.com\/en\/","og_site_name":"PeruDental nueva version","article_modified_time":"2025-02-18T14:46:46+00:00","twitter_card":"summary_large_image","schema":{"@context":"https:\/\/schema.org","@graph":[{"@type":"WebPage","@id":"https:\/\/perudental.com\/en\/","url":"https:\/\/perudental.com\/en\/","name":"PeruDental - Advanced Dental Care in Lima, Peru | Smile Design","isPartOf":{"@id":"https:\/\/perudental.com\/en\/#website"},"datePublished":"2024-01-16T00:50:47+00:00","dateModified":"2025-02-18T14:46:46+00:00","description":"Advanced dental care at Perudental in Lima, Peru. Our team of specialists offer personalized treatments using advanced technology.","inLanguage":"es-PE","potentialAction":[{"@type":"ReadAction","target":["https:\/\/perudental.com\/en\/"]}]},{"@type":"WebSite","@id":"https:\/\/perudental.com\/en\/#website","url":"https:\/\/perudental.com\/en\/","name":"PeruDental nueva version","description":"Especialistas en dise\u00f1o de Sonrisas con la tecnolog\u00eda m\u00e1s avanzada","potentialAction":[{"@type":"SearchAction","target":{"@type":"EntryPoint","urlTemplate":"https:\/\/perudental.com\/en\/?s={search_term_string}"},"query-input":{"@type":"PropertyValueSpecification","valueRequired":true,"valueName":"search_term_string"}}],"inLanguage":"es-PE"}]}},"_links":{"self":[{"href":"https:\/\/perudental.com\/en\/wp-json\/wp\/v2\/pages\/8","targetHints":{"allow":["GET"]}}],"collection":[{"href":"https:\/\/perudental.com\/en\/wp-json\/wp\/v2\/pages"}],"about":[{"href":"https:\/\/perudental.com\/en\/wp-json\/wp\/v2\/types\/page"}],"author":[{"embeddable":true,"href":"https:\/\/perudental.com\/en\/wp-json\/wp\/v2\/users\/1"}],"replies":[{"embeddable":true,"href":"https:\/\/perudental.com\/en\/wp-json\/wp\/v2\/comments?post=8"}],"version-history":[{"count":2,"href":"https:\/\/perudental.com\/en\/wp-json\/wp\/v2\/pages\/8\/revisions"}],"predecessor-version":[{"id":629,"href":"https:\/\/perudental.com\/en\/wp-json\/wp\/v2\/pages\/8\/revisions\/629"}],"wp:attachment":[{"href":"https:\/\/perudental.com\/en\/wp-json\/wp\/v2\/media?parent=8"}],"curies":[{"name":"wp","href":"https:\/\/api.w.org\/{rel}","templated":true}]}}