{"id":80,"date":"2024-01-16T09:59:39","date_gmt":"2024-01-16T14:59:39","guid":{"rendered":"https:\/\/perudental.com\/en\/?page_id=80"},"modified":"2024-11-13T11:17:37","modified_gmt":"2024-11-13T16:17:37","slug":"conscious-sedation","status":"publish","type":"page","link":"https:\/\/perudental.com\/en\/dental-treatments\/conscious-sedation\/","title":{"rendered":"Conscious Sedation"},"content":{"rendered":"","protected":false},"excerpt":{"rendered":"","protected":false},"author":1,"featured_media":552,"parent":65,"menu_order":7,"comment_status":"closed","ping_status":"closed","template":"tmp_subCategoria_sedacion_consciente.php","meta":{"footnotes":""},"class_list":["post-80","page","type-page","status-publish","has-post-thumbnail","hentry"],"yoast_head":"<!-- This site is optimized with the Yoast SEO plugin v23.6 - https:\/\/yoast.com\/wordpress\/plugins\/seo\/ -->\n<title>Sedation Dentistry in Lima | Per\u00fadental<\/title>\n<meta name=\"description\" content=\"Overcome dental anxiety with consicous sedation. We provide sedation for long surgeries and patient comfort, ensuring a stress-free visit.\" \/>\n<meta name=\"robots\" content=\"index, follow, max-snippet:-1, max-image-preview:large, max-video-preview:-1\" \/>\n<link rel=\"canonical\" href=\"https:\/\/perudental.com\/en\/dental-treatments\/conscious-sedation\/\" \/>\n<meta property=\"og:locale\" content=\"es_ES\" \/>\n<meta property=\"og:type\" content=\"article\" \/>\n<meta property=\"og:title\" content=\"Sedation Dentistry in Lima | Per\u00fadental\" \/>\n<meta property=\"og:description\" content=\"Overcome dental anxiety with consicous sedation. We provide sedation for long surgeries and patient comfort, ensuring a stress-free visit.\" \/>\n<meta property=\"og:url\" content=\"https:\/\/perudental.com\/en\/dental-treatments\/conscious-sedation\/\" \/>\n<meta property=\"og:site_name\" content=\"PeruDental nueva version\" \/>\n<meta property=\"article:modified_time\" content=\"2024-11-13T16:17:37+00:00\" \/>\n<meta property=\"og:image\" content=\"https:\/\/perudental.com\/en\/wp-content\/uploads\/2024\/03\/PERUDENTAL1323.jpg.jpg\" \/>\n\t<meta property=\"og:image:width\" content=\"2500\" \/>\n\t<meta property=\"og:image:height\" content=\"1668\" \/>\n\t<meta property=\"og:image:type\" content=\"image\/jpeg\" \/>\n<meta name=\"twitter:card\" content=\"summary_large_image\" \/>\n<meta name=\"twitter:label1\" content=\"Est. reading time\" \/>\n\t<meta name=\"twitter:data1\" content=\"1 minuto\" \/>\n<script type=\"application\/ld+json\" class=\"yoast-schema-graph\">{\"@context\":\"https:\/\/schema.org\",\"@graph\":[{\"@type\":\"WebPage\",\"@id\":\"https:\/\/perudental.com\/en\/dental-treatments\/conscious-sedation\/\",\"url\":\"https:\/\/perudental.com\/en\/dental-treatments\/conscious-sedation\/\",\"name\":\"Sedation Dentistry in Lima | Per\u00fadental\",\"isPartOf\":{\"@id\":\"https:\/\/perudental.com\/en\/#website\"},\"primaryImageOfPage\":{\"@id\":\"https:\/\/perudental.com\/en\/dental-treatments\/conscious-sedation\/#primaryimage\"},\"image\":{\"@id\":\"https:\/\/perudental.com\/en\/dental-treatments\/conscious-sedation\/#primaryimage\"},\"thumbnailUrl\":\"https:\/\/perudental.com\/en\/wp-content\/uploads\/2024\/03\/PERUDENTAL1323.jpg.jpg\",\"datePublished\":\"2024-01-16T14:59:39+00:00\",\"dateModified\":\"2024-11-13T16:17:37+00:00\",\"description\":\"Overcome dental anxiety with consicous sedation. We provide sedation for long surgeries and patient comfort, ensuring a stress-free visit.\",\"breadcrumb\":{\"@id\":\"https:\/\/perudental.com\/en\/dental-treatments\/conscious-sedation\/#breadcrumb\"},\"inLanguage\":\"es-PE\",\"potentialAction\":[{\"@type\":\"ReadAction\",\"target\":[\"https:\/\/perudental.com\/en\/dental-treatments\/conscious-sedation\/\"]}]},{\"@type\":\"ImageObject\",\"inLanguage\":\"es-PE\",\"@id\":\"https:\/\/perudental.com\/en\/dental-treatments\/conscious-sedation\/#primaryimage\",\"url\":\"https:\/\/perudental.com\/en\/wp-content\/uploads\/2024\/03\/PERUDENTAL1323.jpg.jpg\",\"contentUrl\":\"https:\/\/perudental.com\/en\/wp-content\/uploads\/2024\/03\/PERUDENTAL1323.jpg.jpg\",\"width\":2500,\"height\":1668},{\"@type\":\"BreadcrumbList\",\"@id\":\"https:\/\/perudental.com\/en\/dental-treatments\/conscious-sedation\/#breadcrumb\",\"itemListElement\":[{\"@type\":\"ListItem\",\"position\":1,\"name\":\"Treatments\",\"item\":\"https:\/\/perudental.com\/en\/dental-treatments\/\"},{\"@type\":\"ListItem\",\"position\":2,\"name\":\"Conscious Sedation\"}]},{\"@type\":\"WebSite\",\"@id\":\"https:\/\/perudental.com\/en\/#website\",\"url\":\"https:\/\/perudental.com\/en\/\",\"name\":\"PeruDental nueva version\",\"description\":\"Especialistas en dise\u00f1o de Sonrisas con la tecnolog\u00eda m\u00e1s avanzada\",\"potentialAction\":[{\"@type\":\"SearchAction\",\"target\":{\"@type\":\"EntryPoint\",\"urlTemplate\":\"https:\/\/perudental.com\/en\/?s={search_term_string}\"},\"query-input\":{\"@type\":\"PropertyValueSpecification\",\"valueRequired\":true,\"valueName\":\"search_term_string\"}}],\"inLanguage\":\"es-PE\"}]}<\/script>\n<!-- \/ Yoast SEO plugin. -->","yoast_head_json":{"title":"Sedation Dentistry in Lima | Per\u00fadental","description":"Overcome dental anxiety with consicous sedation. We provide sedation for long surgeries and patient comfort, ensuring a stress-free visit.","robots":{"index":"index","follow":"follow","max-snippet":"max-snippet:-1","max-image-preview":"max-image-preview:large","max-video-preview":"max-video-preview:-1"},"canonical":"https:\/\/perudental.com\/en\/dental-treatments\/conscious-sedation\/","og_locale":"es_ES","og_type":"article","og_title":"Sedation Dentistry in Lima | Per\u00fadental","og_description":"Overcome dental anxiety with consicous sedation. We provide sedation for long surgeries and patient comfort, ensuring a stress-free visit.","og_url":"https:\/\/perudental.com\/en\/dental-treatments\/conscious-sedation\/","og_site_name":"PeruDental nueva version","article_modified_time":"2024-11-13T16:17:37+00:00","og_image":[{"width":2500,"height":1668,"url":"https:\/\/perudental.com\/en\/wp-content\/uploads\/2024\/03\/PERUDENTAL1323.jpg.jpg","type":"image\/jpeg"}],"twitter_card":"summary_large_image","twitter_misc":{"Est. reading time":"1 minuto"},"schema":{"@context":"https:\/\/schema.org","@graph":[{"@type":"WebPage","@id":"https:\/\/perudental.com\/en\/dental-treatments\/conscious-sedation\/","url":"https:\/\/perudental.com\/en\/dental-treatments\/conscious-sedation\/","name":"Sedation Dentistry in Lima | Per\u00fadental","isPartOf":{"@id":"https:\/\/perudental.com\/en\/#website"},"primaryImageOfPage":{"@id":"https:\/\/perudental.com\/en\/dental-treatments\/conscious-sedation\/#primaryimage"},"image":{"@id":"https:\/\/perudental.com\/en\/dental-treatments\/conscious-sedation\/#primaryimage"},"thumbnailUrl":"https:\/\/perudental.com\/en\/wp-content\/uploads\/2024\/03\/PERUDENTAL1323.jpg.jpg","datePublished":"2024-01-16T14:59:39+00:00","dateModified":"2024-11-13T16:17:37+00:00","description":"Overcome dental anxiety with consicous sedation. We provide sedation for long surgeries and patient comfort, ensuring a stress-free visit.","breadcrumb":{"@id":"https:\/\/perudental.com\/en\/dental-treatments\/conscious-sedation\/#breadcrumb"},"inLanguage":"es-PE","potentialAction":[{"@type":"ReadAction","target":["https:\/\/perudental.com\/en\/dental-treatments\/conscious-sedation\/"]}]},{"@type":"ImageObject","inLanguage":"es-PE","@id":"https:\/\/perudental.com\/en\/dental-treatments\/conscious-sedation\/#primaryimage","url":"https:\/\/perudental.com\/en\/wp-content\/uploads\/2024\/03\/PERUDENTAL1323.jpg.jpg","contentUrl":"https:\/\/perudental.com\/en\/wp-content\/uploads\/2024\/03\/PERUDENTAL1323.jpg.jpg","width":2500,"height":1668},{"@type":"BreadcrumbList","@id":"https:\/\/perudental.com\/en\/dental-treatments\/conscious-sedation\/#breadcrumb","itemListElement":[{"@type":"ListItem","position":1,"name":"Treatments","item":"https:\/\/perudental.com\/en\/dental-treatments\/"},{"@type":"ListItem","position":2,"name":"Conscious Sedation"}]},{"@type":"WebSite","@id":"https:\/\/perudental.com\/en\/#website","url":"https:\/\/perudental.com\/en\/","name":"PeruDental nueva version","description":"Especialistas en dise\u00f1o de Sonrisas con la tecnolog\u00eda m\u00e1s avanzada","potentialAction":[{"@type":"SearchAction","target":{"@type":"EntryPoint","urlTemplate":"https:\/\/perudental.com\/en\/?s={search_term_string}"},"query-input":{"@type":"PropertyValueSpecification","valueRequired":true,"valueName":"search_term_string"}}],"inLanguage":"es-PE"}]}},"_links":{"self":[{"href":"https:\/\/perudental.com\/en\/wp-json\/wp\/v2\/pages\/80","targetHints":{"allow":["GET"]}}],"collection":[{"href":"https:\/\/perudental.com\/en\/wp-json\/wp\/v2\/pages"}],"about":[{"href":"https:\/\/perudental.com\/en\/wp-json\/wp\/v2\/types\/page"}],"author":[{"embeddable":true,"href":"https:\/\/perudental.com\/en\/wp-json\/wp\/v2\/users\/1"}],"replies":[{"embeddable":true,"href":"https:\/\/perudental.com\/en\/wp-json\/wp\/v2\/comments?post=80"}],"version-history":[{"count":2,"href":"https:\/\/perudental.com\/en\/wp-json\/wp\/v2\/pages\/80\/revisions"}],"predecessor-version":[{"id":607,"href":"https:\/\/perudental.com\/en\/wp-json\/wp\/v2\/pages\/80\/revisions\/607"}],"up":[{"embeddable":true,"href":"https:\/\/perudental.com\/en\/wp-json\/wp\/v2\/pages\/65"}],"wp:featuredmedia":[{"embeddable":true,"href":"https:\/\/perudental.com\/en\/wp-json\/wp\/v2\/media\/552"}],"wp:attachment":[{"href":"https:\/\/perudental.com\/en\/wp-json\/wp\/v2\/media?parent=80"}],"curies":[{"name":"wp","href":"https:\/\/api.w.org\/{rel}","templated":true}]}}