{"id":97,"date":"2024-01-16T11:53:27","date_gmt":"2024-01-16T16:53:27","guid":{"rendered":"https:\/\/perudental.com\/en\/?page_id=97"},"modified":"2024-11-28T09:05:52","modified_gmt":"2024-11-28T14:05:52","slug":"our-team","status":"publish","type":"page","link":"https:\/\/perudental.com\/en\/our-offices\/our-team\/","title":{"rendered":"Our Team"},"content":{"rendered":"","protected":false},"excerpt":{"rendered":"","protected":false},"author":1,"featured_media":0,"parent":90,"menu_order":1,"comment_status":"closed","ping_status":"closed","template":"tmp_staff.php","meta":{"footnotes":""},"class_list":["post-97","page","type-page","status-publish","hentry"],"yoast_head":"<!-- This site is optimized with the Yoast SEO plugin v23.6 - https:\/\/yoast.com\/wordpress\/plugins\/seo\/ -->\n<title>Meet the PeruDental Team of Specialists | Per\u00fadental<\/title>\n<meta name=\"description\" content=\"Dr Enrique Yuen and his team of dental specialists in Lima, Peru, with every dental specialization under one roof and 5* attention.Contact us\" \/>\n<meta name=\"robots\" content=\"index, follow, max-snippet:-1, max-image-preview:large, max-video-preview:-1\" \/>\n<link rel=\"canonical\" href=\"https:\/\/perudental.com\/en\/our-offices\/our-team\/\" \/>\n<meta property=\"og:locale\" content=\"es_ES\" \/>\n<meta property=\"og:type\" content=\"article\" \/>\n<meta property=\"og:title\" content=\"Meet the PeruDental Team of Specialists | Per\u00fadental\" \/>\n<meta property=\"og:description\" content=\"Dr Enrique Yuen and his team of dental specialists in Lima, Peru, with every dental specialization under one roof and 5* attention.Contact us\" \/>\n<meta property=\"og:url\" content=\"https:\/\/perudental.com\/en\/our-offices\/our-team\/\" \/>\n<meta property=\"og:site_name\" content=\"PeruDental nueva version\" \/>\n<meta property=\"article:modified_time\" content=\"2024-11-28T14:05:52+00:00\" \/>\n<meta name=\"twitter:card\" content=\"summary_large_image\" \/>\n<script type=\"application\/ld+json\" class=\"yoast-schema-graph\">{\"@context\":\"https:\/\/schema.org\",\"@graph\":[{\"@type\":\"WebPage\",\"@id\":\"https:\/\/perudental.com\/en\/our-offices\/our-team\/\",\"url\":\"https:\/\/perudental.com\/en\/our-offices\/our-team\/\",\"name\":\"Meet the PeruDental Team of Specialists | Per\u00fadental\",\"isPartOf\":{\"@id\":\"https:\/\/perudental.com\/en\/#website\"},\"datePublished\":\"2024-01-16T16:53:27+00:00\",\"dateModified\":\"2024-11-28T14:05:52+00:00\",\"description\":\"Dr Enrique Yuen and his team of dental specialists in Lima, Peru, with every dental specialization under one roof and 5* attention.Contact us\",\"breadcrumb\":{\"@id\":\"https:\/\/perudental.com\/en\/our-offices\/our-team\/#breadcrumb\"},\"inLanguage\":\"es-PE\",\"potentialAction\":[{\"@type\":\"ReadAction\",\"target\":[\"https:\/\/perudental.com\/en\/our-offices\/our-team\/\"]}]},{\"@type\":\"BreadcrumbList\",\"@id\":\"https:\/\/perudental.com\/en\/our-offices\/our-team\/#breadcrumb\",\"itemListElement\":[{\"@type\":\"ListItem\",\"position\":1,\"name\":\"Our Offices\",\"item\":\"https:\/\/perudental.com\/en\/our-offices\/\"},{\"@type\":\"ListItem\",\"position\":2,\"name\":\"Our Team\"}]},{\"@type\":\"WebSite\",\"@id\":\"https:\/\/perudental.com\/en\/#website\",\"url\":\"https:\/\/perudental.com\/en\/\",\"name\":\"PeruDental nueva version\",\"description\":\"Especialistas en dise\u00f1o de Sonrisas con la tecnolog\u00eda m\u00e1s avanzada\",\"potentialAction\":[{\"@type\":\"SearchAction\",\"target\":{\"@type\":\"EntryPoint\",\"urlTemplate\":\"https:\/\/perudental.com\/en\/?s={search_term_string}\"},\"query-input\":{\"@type\":\"PropertyValueSpecification\",\"valueRequired\":true,\"valueName\":\"search_term_string\"}}],\"inLanguage\":\"es-PE\"}]}<\/script>\n<!-- \/ Yoast SEO plugin. -->","yoast_head_json":{"title":"Meet the PeruDental Team of Specialists | Per\u00fadental","description":"Dr Enrique Yuen and his team of dental specialists in Lima, Peru, with every dental specialization under one roof and 5* attention.Contact us","robots":{"index":"index","follow":"follow","max-snippet":"max-snippet:-1","max-image-preview":"max-image-preview:large","max-video-preview":"max-video-preview:-1"},"canonical":"https:\/\/perudental.com\/en\/our-offices\/our-team\/","og_locale":"es_ES","og_type":"article","og_title":"Meet the PeruDental Team of Specialists | Per\u00fadental","og_description":"Dr Enrique Yuen and his team of dental specialists in Lima, Peru, with every dental specialization under one roof and 5* attention.Contact us","og_url":"https:\/\/perudental.com\/en\/our-offices\/our-team\/","og_site_name":"PeruDental nueva version","article_modified_time":"2024-11-28T14:05:52+00:00","twitter_card":"summary_large_image","schema":{"@context":"https:\/\/schema.org","@graph":[{"@type":"WebPage","@id":"https:\/\/perudental.com\/en\/our-offices\/our-team\/","url":"https:\/\/perudental.com\/en\/our-offices\/our-team\/","name":"Meet the PeruDental Team of Specialists | Per\u00fadental","isPartOf":{"@id":"https:\/\/perudental.com\/en\/#website"},"datePublished":"2024-01-16T16:53:27+00:00","dateModified":"2024-11-28T14:05:52+00:00","description":"Dr Enrique Yuen and his team of dental specialists in Lima, Peru, with every dental specialization under one roof and 5* attention.Contact us","breadcrumb":{"@id":"https:\/\/perudental.com\/en\/our-offices\/our-team\/#breadcrumb"},"inLanguage":"es-PE","potentialAction":[{"@type":"ReadAction","target":["https:\/\/perudental.com\/en\/our-offices\/our-team\/"]}]},{"@type":"BreadcrumbList","@id":"https:\/\/perudental.com\/en\/our-offices\/our-team\/#breadcrumb","itemListElement":[{"@type":"ListItem","position":1,"name":"Our Offices","item":"https:\/\/perudental.com\/en\/our-offices\/"},{"@type":"ListItem","position":2,"name":"Our Team"}]},{"@type":"WebSite","@id":"https:\/\/perudental.com\/en\/#website","url":"https:\/\/perudental.com\/en\/","name":"PeruDental nueva version","description":"Especialistas en dise\u00f1o de Sonrisas con la tecnolog\u00eda m\u00e1s avanzada","potentialAction":[{"@type":"SearchAction","target":{"@type":"EntryPoint","urlTemplate":"https:\/\/perudental.com\/en\/?s={search_term_string}"},"query-input":{"@type":"PropertyValueSpecification","valueRequired":true,"valueName":"search_term_string"}}],"inLanguage":"es-PE"}]}},"_links":{"self":[{"href":"https:\/\/perudental.com\/en\/wp-json\/wp\/v2\/pages\/97","targetHints":{"allow":["GET"]}}],"collection":[{"href":"https:\/\/perudental.com\/en\/wp-json\/wp\/v2\/pages"}],"about":[{"href":"https:\/\/perudental.com\/en\/wp-json\/wp\/v2\/types\/page"}],"author":[{"embeddable":true,"href":"https:\/\/perudental.com\/en\/wp-json\/wp\/v2\/users\/1"}],"replies":[{"embeddable":true,"href":"https:\/\/perudental.com\/en\/wp-json\/wp\/v2\/comments?post=97"}],"version-history":[{"count":3,"href":"https:\/\/perudental.com\/en\/wp-json\/wp\/v2\/pages\/97\/revisions"}],"predecessor-version":[{"id":612,"href":"https:\/\/perudental.com\/en\/wp-json\/wp\/v2\/pages\/97\/revisions\/612"}],"up":[{"embeddable":true,"href":"https:\/\/perudental.com\/en\/wp-json\/wp\/v2\/pages\/90"}],"wp:attachment":[{"href":"https:\/\/perudental.com\/en\/wp-json\/wp\/v2\/media?parent=97"}],"curies":[{"name":"wp","href":"https:\/\/api.w.org\/{rel}","templated":true}]}}